{"id":19336,"date":"2022-07-29T16:02:23","date_gmt":"2022-07-29T15:02:23","guid":{"rendered":"https:\/\/test.ifesworld.org\/?page_id=19336"},"modified":"2024-05-31T13:24:19","modified_gmt":"2024-05-31T12:24:19","slug":"ifes-connect","status":"publish","type":"page","link":"https:\/\/test.ifesworld.org\/fr\/ifes-connect\/","title":{"rendered":"IFES Connect"},"content":{"rendered":"<div class=\"wp-block block-core-heading\">\n<h2 class=\"wp-block-heading has-accent-light-color has-text-color\">IFES Connect est une communaut\u00e9 en ligne con\u00e7ue pour faciliter la connexion de notre communaut\u00e9 mondiale.<\/h2>\n<\/div>\n\n<div class=\"wp-block block-core-paragraph\">\n<p class=\"wp-block-paragraph\">IFES Connect propose une plateforme virtuelle o\u00f9 le personnel des mouvements nationaux, le personnel de l\u2019IFES, les partenaires et les \u00e9tudiants peuvent se rencontrer, communiquer et \u00e9changer des id\u00e9es et des ressources. Elle est une source d\u2019encouragement et \u00e9quipe l\u2019ensemble de l\u2019Union dans notre objectif commun de voir les \u00e9tudiants partager et vivre la bonne nouvelle de J\u00e9sus \u00e0 l\u2019universit\u00e9 ; au niveau local, national et mondial.&nbsp;<\/p>\n<\/div>\n\n<div class=\"wp-block block-acf-ifesbutton\">\n<div class=\"\">\n    <a id=\"btn-block_b508052ad327cbe54d7c20859a496bb2\" target=\"\" href=\"https:\/\/ifes.world\/connect-main\" class=\"btn btn--cta-link\">\n        <span>\n                    <span class=\"icon\"><svg class=\"icon\"><use xlink:href=\"#chevron-circle-right-solid\"\/><\/svg><\/span>\n        Rejoignez l\u2019IFES Connect        <\/span>\n    <\/a>\n<\/div>\n\n<\/div>\n\n<div class=\"wp-block block-core-cover alignwide\">\n<div class=\"wp-block-cover alignwide is-light has-parallax wp-duotone-009ac3-ffffff-1\" style=\"min-height:300px;aspect-ratio:unset;\"><span aria-hidden=\"true\" class=\"wp-block-cover__background has-white-background-color has-background-dim-80 has-background-dim\"><\/span><div class=\"wp-block-cover__image-background wp-image-19327 has-parallax\" style=\"background-position:50% 50%;background-image:url(https:\/\/test.ifesworld.org\/wp-content\/uploads\/2022\/07\/richard-cabusao-adQAb-L-YkE-unsplash-2048x1365-1.jpeg)\"><\/div><div class=\"wp-block-cover__inner-container is-layout-flow wp-block-cover-is-layout-flow\"><div class=\"wp-block block-core-quote\">\n<blockquote class=\"wp-block-quote is-layout-flow wp-block-quote-is-layout-flow\"><div class=\"wp-block block-core-paragraph\">\n<p class=\"wp-block-paragraph\"><em><em>Gr\u00e2ce \u00e0 sa plateforme, IFES Connect nous a permis de r\u00e9unir le personnel et les catalyseurs de diff\u00e9rentes r\u00e9gions et cohortes. Nous pouvons ainsi facilement partager des nouvelles, des mises \u00e0 jour et des ressources sans ajouter \u00e0 la surcharge de courriels que nous connaissons tous. De plus, cela nous permet d\u2019\u00eatre enracin\u00e9s dans la communaut\u00e9 IFES et de sentir que nous faisons partie de l\u2019ensemble de l\u2019Union.<\/em><\/em><\/p>\n<\/div><cite><em>Sophie van Houtryve, Responsable des op\u00e9rations, Initiative Logos et Cosmos<\/em><\/cite><\/blockquote>\n<\/div><\/div><\/div>\n<\/div>\n\n<div class=\"wp-block block-core-paragraph\">\n<p class=\"wp-block-paragraph\">La communaut\u00e9 en ligne est g\u00e9r\u00e9e par la plateforme Discourse. Cette plateforme nous permet de b\u00e9n\u00e9ficier \u00e0 la fois de l\u2019accessibilit\u00e9 aux r\u00e9seaux sociaux et de la confidentialit\u00e9 d\u2019une plateforme plus s\u00e9curis\u00e9e. Elle est accessible via l\u2019application mobile Discourse sur <a href=\"https:\/\/apps.apple.com\/us\/app\/discourse-hub\/id1173672076\" target=\"_blank\" rel=\"noreferrer noopener\">Apple<\/a> et <a href=\"https:\/\/play.google.com\/store\/apps\/details?id=com.discourse&amp;pcampaignid=web_share\" target=\"_blank\" rel=\"noreferrer noopener\">Android<\/a>. Le contenu est disponible dans les trois langues officielles de l\u2019IFES (anglais, fran\u00e7ais et espagnol), mais les utilisateurs peuvent publier dans la langue de leur choix et utiliser leur outil de navigation pr\u00e9f\u00e9r\u00e9 pour traduire le contenu publi\u00e9 par d\u2019autres utilisateurs si n\u00e9cessaire.\u00a0\u00a0\u00a0<\/p>\n<\/div>\n\n<div class=\"wp-block block-core-heading\">\n<h2 class=\"wp-block-heading\"><strong>En quoi IFES Connect peut \u00eatre utile pour moi ?<\/strong>&nbsp;<\/h2>\n<\/div>\n\n<div class=\"wp-block block-core-paragraph\">\n<p class=\"wp-block-paragraph\">IFES Connect cr\u00e9e des opportunit\u00e9s de connexion au niveau local, national et mondial. Qu\u2019il s\u2019agisse des \u00e9tudiants sur le campus, des conversations nationales avec le personnel et les \u00e9tudiants ou des r\u00e9seaux internationaux de l\u2019Union, IFES Connect propose un moyen naturel de partager des ressources, d\u2019apprendre les uns des autres et de se mettre en contact par des moyens simples mais significatifs.&nbsp;&nbsp;<\/p>\n<\/div>\n\n<div class=\"wp-block block-core-columns\">\n<div class=\"wp-block-columns is-layout-flex wp-container-core-columns-is-layout-8f761849 wp-block-columns-is-layout-flex\">\n<div class=\"wp-block-column is-layout-flow wp-block-column-is-layout-flow\" style=\"flex-basis:33.33%\"><div class=\"wp-block-image\">\n<figure class=\"aligncenter size-large is-resized\"><img loading=\"lazy\" decoding=\"async\" width=\"576\" height=\"1024\" src=\"https:\/\/test.ifesworld.org\/wp-content\/uploads\/2024\/05\/Simple-Phone--576x1024.png\" alt=\"\" class=\"wp-image-37804\" style=\"width:207px;height:auto\" srcset=\"https:\/\/test.ifesworld.org\/wp-content\/uploads\/2024\/05\/Simple-Phone--576x1024.png 576w, https:\/\/test.ifesworld.org\/wp-content\/uploads\/2024\/05\/Simple-Phone--169x300.png 169w, https:\/\/test.ifesworld.org\/wp-content\/uploads\/2024\/05\/Simple-Phone--768x1365.png 768w, https:\/\/test.ifesworld.org\/wp-content\/uploads\/2024\/05\/Simple-Phone--864x1536.png 864w, https:\/\/test.ifesworld.org\/wp-content\/uploads\/2024\/05\/Simple-Phone-.png 1080w\" sizes=\"auto, (max-width: 576px) 100vw, 576px\" \/><\/figure>\n<\/div><\/div>\n\n\n\n<div class=\"wp-block-column is-layout-flow wp-block-column-is-layout-flow\" style=\"flex-basis:66.66%\"><div class=\"wp-block block-core-heading\">\n<h3 class=\"wp-block-heading\">Les principales parties sont les suivantes :&nbsp;<\/h3>\n<\/div>\n\n<div class=\"wp-block block-core-paragraph\">\n<p class=\"wp-block-paragraph\"><strong>Grands th\u00e8mes.<\/strong> Vous aurez ici un vaste aper\u00e7u de ce que Dieu fait au sein de l\u2019IFES gr\u00e2ce \u00e0 des nouvelles, des questions et des conversations du monde entier. Biblioth\u00e8que de ressources. Vous trouverez des vid\u00e9os, des t\u00e9l\u00e9chargements, des images et d\u2019autres contenus des minist\u00e8res de ressources mondiales de l\u2019IFES pour soutenir votre travail.&nbsp;&nbsp;<\/p>\n<\/div>\n\n<div class=\"wp-block block-core-paragraph\">\n<p class=\"wp-block-paragraph\"><strong>\u00c9v\u00e9nements<\/strong>. Publiez les prochains \u00e9v\u00e9nements li\u00e9s \u00e0 IFES auxquels d&rsquo;autres membres de la communaut\u00e9 peuvent se joindre, et explorez les \u00e9v\u00e9nements que d&rsquo;autres organisent.&nbsp;<\/p>\n<\/div>\n\n<div class=\"wp-block block-core-paragraph\">\n<p class=\"wp-block-paragraph\"><strong>Pri\u00e8re<\/strong>. Acc\u00e9dez rapidement et facilement \u2013 ou partagez \u2013 les sujets de pri\u00e8re de l\u2019ensemble de l\u2019IFES.&nbsp;<\/p>\n<\/div>\n\n<div class=\"wp-block block-core-paragraph\">\n<p class=\"wp-block-paragraph\">Si IFES Connect peut vous aider d\u2019une mani\u00e8re ou d\u2019une autre, contactez-nous \u00e0 l\u2019adresse suivante\u202f: <a href=\"mailto:connect@test.ifesworld.org\" target=\"_blank\" rel=\"noreferrer noopener\">connect@test.ifesworld.org<\/a>.&nbsp;<\/p>\n<\/div><\/div>\n<\/div>\n<\/div>\n\n<div class=\"wp-block block-core-paragraph\">\n<p class=\"wp-block-paragraph\">Nous aspirons \u00e0 une communaut\u00e9 en ligne riche qui repr\u00e9sente v\u00e9ritablement le dynamisme, la sagesse et la diversit\u00e9 de la communaut\u00e9 mondiale de l\u2019IFES. Vous en faites partie ; nous vous invitons donc vivement \u00e0 le constater par vous-m\u00eame.&nbsp;&nbsp;<\/p>\n<\/div>\n\n<div class=\"wp-block block-acf-ifesbutton\">\n<div class=\"\">\n    <a id=\"btn-block_b508052ad327cbe54d7c20859a496bb2\" target=\"\" href=\"https:\/\/ifes.world\/connect-main\" class=\"btn btn--cta-link\">\n        <span>\n                    <span class=\"icon\"><svg class=\"icon\"><use xlink:href=\"#chevron-circle-right-solid\"\/><\/svg><\/span>\n        Rejoignez l\u2019IFES Connect        <\/span>\n    <\/a>\n<\/div>\n\n<\/div>\n\n<div class=\"wp-block-image\">\n<figure class=\"aligncenter size-large\"><img loading=\"lazy\" decoding=\"async\" width=\"1024\" height=\"577\" src=\"https:\/\/test.ifesworld.org\/wp-content\/uploads\/2022\/08\/IFES6910-Connect-FR-Slides-4-1024x577.png\" alt=\"\" class=\"wp-image-19440\" srcset=\"https:\/\/test.ifesworld.org\/wp-content\/uploads\/2022\/08\/IFES6910-Connect-FR-Slides-4-1024x577.png 1024w, https:\/\/test.ifesworld.org\/wp-content\/uploads\/2022\/08\/IFES6910-Connect-FR-Slides-4-300x169.png 300w, https:\/\/test.ifesworld.org\/wp-content\/uploads\/2022\/08\/IFES6910-Connect-FR-Slides-4-768x432.png 768w, https:\/\/test.ifesworld.org\/wp-content\/uploads\/2022\/08\/IFES6910-Connect-FR-Slides-4-1536x865.png 1536w, https:\/\/test.ifesworld.org\/wp-content\/uploads\/2022\/08\/IFES6910-Connect-FR-Slides-4.png 1920w\" sizes=\"auto, (max-width: 1024px) 100vw, 1024px\" \/><\/figure>\n<\/div>","protected":false},"excerpt":{"rendered":"<p>IFES Connect est une communaut\u00e9 en ligne con\u00e7ue pour faciliter la connexion de notre communaut\u00e9 mondiale. IFES Connect propose une plateforme virtuelle o\u00f9 le personnel des mouvements nationaux, le personnel de l\u2019IFES, les partenaires et les \u00e9tudiants peuvent se rencontrer, communiquer et \u00e9changer des id\u00e9es et des ressources. Elle est une source d\u2019encouragement et \u00e9quipe&#8230;<\/p>\n","protected":false},"author":2,"featured_media":19326,"parent":0,"menu_order":0,"comment_status":"closed","ping_status":"closed","template":"","meta":{"_acf_changed":false,"_crdt_document":"","inline_featured_image":false,"footnotes":""},"area":[],"theme":[],"class_list":["post-19336","page","type-page","status-publish","has-post-thumbnail","hentry"],"acf":[],"yoast_head":"<!-- This site is optimized with the Yoast SEO plugin v27.3 - https:\/\/yoast.com\/product\/yoast-seo-wordpress\/ -->\n<title>IFES Connect &#183; IFES<\/title>\n<meta name=\"description\" content=\"IFES Connect est une communaut\u00e9 en ligne con\u00e7ue pour faciliter la connexion de notre communaut\u00e9 mondiale. IFES Connect propose une plateforme virtuelle o\u00f9\" \/>\n<meta name=\"robots\" content=\"noindex, follow, max-snippet:-1, max-image-preview:large, max-video-preview:-1\" \/>\n<meta property=\"og:locale\" content=\"fr_FR\" \/>\n<meta property=\"og:type\" content=\"article\" \/>\n<meta property=\"og:title\" content=\"IFES Connect &#183; IFES\" \/>\n<meta property=\"og:description\" content=\"IFES Connect est une communaut\u00e9 en ligne con\u00e7ue pour faciliter la connexion de notre communaut\u00e9 mondiale. IFES Connect propose une plateforme virtuelle o\u00f9\" \/>\n<meta property=\"og:url\" content=\"https:\/\/test.ifesworld.org\/fr\/ifes-connect\/\" \/>\n<meta property=\"og:site_name\" content=\"IFES\" \/>\n<meta property=\"article:modified_time\" content=\"2024-05-31T12:24:19+00:00\" \/>\n<meta property=\"og:image\" content=\"https:\/\/test.ifesworld.org\/wp-content\/uploads\/2022\/07\/43092888180_465dcd499e_o-scaled.jpg\" \/>\n\t<meta property=\"og:image:width\" content=\"2560\" \/>\n\t<meta property=\"og:image:height\" content=\"1707\" \/>\n\t<meta property=\"og:image:type\" content=\"image\/jpeg\" \/>\n<meta name=\"twitter:card\" content=\"summary_large_image\" \/>\n<meta name=\"twitter:label1\" content=\"Dur\u00e9e de lecture estim\u00e9e\" \/>\n\t<meta name=\"twitter:data1\" content=\"3 minutes\" \/>\n<script type=\"application\/ld+json\" class=\"yoast-schema-graph\">{\"@context\":\"https:\\\/\\\/schema.org\",\"@graph\":[{\"@type\":\"WebPage\",\"@id\":\"https:\\\/\\\/test.ifesworld.org\\\/fr\\\/ifes-connect\\\/\",\"url\":\"https:\\\/\\\/test.ifesworld.org\\\/fr\\\/ifes-connect\\\/\",\"name\":\"IFES Connect &#183; IFES\",\"isPartOf\":{\"@id\":\"https:\\\/\\\/test.ifesworld.org\\\/en\\\/#website\"},\"primaryImageOfPage\":{\"@id\":\"https:\\\/\\\/test.ifesworld.org\\\/fr\\\/ifes-connect\\\/#primaryimage\"},\"image\":{\"@id\":\"https:\\\/\\\/test.ifesworld.org\\\/fr\\\/ifes-connect\\\/#primaryimage\"},\"thumbnailUrl\":\"https:\\\/\\\/test.ifesworld.org\\\/wp-content\\\/uploads\\\/2022\\\/07\\\/43092888180_465dcd499e_o-scaled.jpg\",\"datePublished\":\"2022-07-29T15:02:23+00:00\",\"dateModified\":\"2024-05-31T12:24:19+00:00\",\"description\":\"IFES Connect est une communaut\u00e9 en ligne con\u00e7ue pour faciliter la connexion de notre communaut\u00e9 mondiale. IFES Connect propose une plateforme virtuelle o\u00f9\",\"breadcrumb\":{\"@id\":\"https:\\\/\\\/test.ifesworld.org\\\/fr\\\/ifes-connect\\\/#breadcrumb\"},\"inLanguage\":\"fr-FR\",\"potentialAction\":[{\"@type\":\"ReadAction\",\"target\":[\"https:\\\/\\\/test.ifesworld.org\\\/fr\\\/ifes-connect\\\/\"]}]},{\"@type\":\"ImageObject\",\"inLanguage\":\"fr-FR\",\"@id\":\"https:\\\/\\\/test.ifesworld.org\\\/fr\\\/ifes-connect\\\/#primaryimage\",\"url\":\"https:\\\/\\\/test.ifesworld.org\\\/wp-content\\\/uploads\\\/2022\\\/07\\\/43092888180_465dcd499e_o-scaled.jpg\",\"contentUrl\":\"https:\\\/\\\/test.ifesworld.org\\\/wp-content\\\/uploads\\\/2022\\\/07\\\/43092888180_465dcd499e_o-scaled.jpg\",\"width\":2560,\"height\":1707},{\"@type\":\"BreadcrumbList\",\"@id\":\"https:\\\/\\\/test.ifesworld.org\\\/fr\\\/ifes-connect\\\/#breadcrumb\",\"itemListElement\":[{\"@type\":\"ListItem\",\"position\":1,\"name\":\"Home\",\"item\":\"https:\\\/\\\/test.ifesworld.org\\\/fr\\\/\"},{\"@type\":\"ListItem\",\"position\":2,\"name\":\"IFES Connect\"}]},{\"@type\":\"WebSite\",\"@id\":\"https:\\\/\\\/test.ifesworld.org\\\/en\\\/#website\",\"url\":\"https:\\\/\\\/test.ifesworld.org\\\/en\\\/\",\"name\":\"IFES\",\"description\":\"A movement of students sharing and living out the good news of Jesus Christ. Locally. Nationally. Globally.\",\"publisher\":{\"@id\":\"https:\\\/\\\/test.ifesworld.org\\\/en\\\/#organization\"},\"potentialAction\":[{\"@type\":\"SearchAction\",\"target\":{\"@type\":\"EntryPoint\",\"urlTemplate\":\"https:\\\/\\\/test.ifesworld.org\\\/en\\\/?s={search_term_string}\"},\"query-input\":{\"@type\":\"PropertyValueSpecification\",\"valueRequired\":true,\"valueName\":\"search_term_string\"}}],\"inLanguage\":\"fr-FR\"},{\"@type\":\"Organization\",\"@id\":\"https:\\\/\\\/test.ifesworld.org\\\/en\\\/#organization\",\"name\":\"IFES \u00b7 International Fellowship of Evangelical Students\",\"url\":\"https:\\\/\\\/test.ifesworld.org\\\/en\\\/\",\"logo\":{\"@type\":\"ImageObject\",\"inLanguage\":\"fr-FR\",\"@id\":\"https:\\\/\\\/test.ifesworld.org\\\/en\\\/#\\\/schema\\\/logo\\\/image\\\/\",\"url\":\"https:\\\/\\\/test.ifesworld.org\\\/wp-content\\\/uploads\\\/2019\\\/06\\\/ifeslogo.png\",\"contentUrl\":\"https:\\\/\\\/test.ifesworld.org\\\/wp-content\\\/uploads\\\/2019\\\/06\\\/ifeslogo.png\",\"width\":262,\"height\":262,\"caption\":\"IFES \u00b7 International Fellowship of Evangelical Students\"},\"image\":{\"@id\":\"https:\\\/\\\/test.ifesworld.org\\\/en\\\/#\\\/schema\\\/logo\\\/image\\\/\"}}]}<\/script>\n<!-- \/ Yoast SEO plugin. -->","yoast_head_json":{"title":"IFES Connect &#183; IFES","description":"IFES Connect est une communaut\u00e9 en ligne con\u00e7ue pour faciliter la connexion de notre communaut\u00e9 mondiale. IFES Connect propose une plateforme virtuelle o\u00f9","robots":{"index":"noindex","follow":"follow","max-snippet":"max-snippet:-1","max-image-preview":"max-image-preview:large","max-video-preview":"max-video-preview:-1"},"og_locale":"fr_FR","og_type":"article","og_title":"IFES Connect &#183; IFES","og_description":"IFES Connect est une communaut\u00e9 en ligne con\u00e7ue pour faciliter la connexion de notre communaut\u00e9 mondiale. IFES Connect propose une plateforme virtuelle o\u00f9","og_url":"https:\/\/test.ifesworld.org\/fr\/ifes-connect\/","og_site_name":"IFES","article_modified_time":"2024-05-31T12:24:19+00:00","og_image":[{"width":2560,"height":1707,"url":"https:\/\/test.ifesworld.org\/wp-content\/uploads\/2022\/07\/43092888180_465dcd499e_o-scaled.jpg","type":"image\/jpeg"}],"twitter_card":"summary_large_image","twitter_misc":{"Dur\u00e9e de lecture estim\u00e9e":"3 minutes"},"schema":{"@context":"https:\/\/schema.org","@graph":[{"@type":"WebPage","@id":"https:\/\/test.ifesworld.org\/fr\/ifes-connect\/","url":"https:\/\/test.ifesworld.org\/fr\/ifes-connect\/","name":"IFES Connect &#183; IFES","isPartOf":{"@id":"https:\/\/test.ifesworld.org\/en\/#website"},"primaryImageOfPage":{"@id":"https:\/\/test.ifesworld.org\/fr\/ifes-connect\/#primaryimage"},"image":{"@id":"https:\/\/test.ifesworld.org\/fr\/ifes-connect\/#primaryimage"},"thumbnailUrl":"https:\/\/test.ifesworld.org\/wp-content\/uploads\/2022\/07\/43092888180_465dcd499e_o-scaled.jpg","datePublished":"2022-07-29T15:02:23+00:00","dateModified":"2024-05-31T12:24:19+00:00","description":"IFES Connect est une communaut\u00e9 en ligne con\u00e7ue pour faciliter la connexion de notre communaut\u00e9 mondiale. IFES Connect propose une plateforme virtuelle o\u00f9","breadcrumb":{"@id":"https:\/\/test.ifesworld.org\/fr\/ifes-connect\/#breadcrumb"},"inLanguage":"fr-FR","potentialAction":[{"@type":"ReadAction","target":["https:\/\/test.ifesworld.org\/fr\/ifes-connect\/"]}]},{"@type":"ImageObject","inLanguage":"fr-FR","@id":"https:\/\/test.ifesworld.org\/fr\/ifes-connect\/#primaryimage","url":"https:\/\/test.ifesworld.org\/wp-content\/uploads\/2022\/07\/43092888180_465dcd499e_o-scaled.jpg","contentUrl":"https:\/\/test.ifesworld.org\/wp-content\/uploads\/2022\/07\/43092888180_465dcd499e_o-scaled.jpg","width":2560,"height":1707},{"@type":"BreadcrumbList","@id":"https:\/\/test.ifesworld.org\/fr\/ifes-connect\/#breadcrumb","itemListElement":[{"@type":"ListItem","position":1,"name":"Home","item":"https:\/\/test.ifesworld.org\/fr\/"},{"@type":"ListItem","position":2,"name":"IFES Connect"}]},{"@type":"WebSite","@id":"https:\/\/test.ifesworld.org\/en\/#website","url":"https:\/\/test.ifesworld.org\/en\/","name":"IFES","description":"A movement of students sharing and living out the good news of Jesus Christ. Locally. Nationally. Globally.","publisher":{"@id":"https:\/\/test.ifesworld.org\/en\/#organization"},"potentialAction":[{"@type":"SearchAction","target":{"@type":"EntryPoint","urlTemplate":"https:\/\/test.ifesworld.org\/en\/?s={search_term_string}"},"query-input":{"@type":"PropertyValueSpecification","valueRequired":true,"valueName":"search_term_string"}}],"inLanguage":"fr-FR"},{"@type":"Organization","@id":"https:\/\/test.ifesworld.org\/en\/#organization","name":"IFES \u00b7 International Fellowship of Evangelical Students","url":"https:\/\/test.ifesworld.org\/en\/","logo":{"@type":"ImageObject","inLanguage":"fr-FR","@id":"https:\/\/test.ifesworld.org\/en\/#\/schema\/logo\/image\/","url":"https:\/\/test.ifesworld.org\/wp-content\/uploads\/2019\/06\/ifeslogo.png","contentUrl":"https:\/\/test.ifesworld.org\/wp-content\/uploads\/2019\/06\/ifeslogo.png","width":262,"height":262,"caption":"IFES \u00b7 International Fellowship of Evangelical Students"},"image":{"@id":"https:\/\/test.ifesworld.org\/en\/#\/schema\/logo\/image\/"}}]}},"_links":{"self":[{"href":"https:\/\/test.ifesworld.org\/fr\/wp-json\/wp\/v2\/pages\/19336","targetHints":{"allow":["GET"]}}],"collection":[{"href":"https:\/\/test.ifesworld.org\/fr\/wp-json\/wp\/v2\/pages"}],"about":[{"href":"https:\/\/test.ifesworld.org\/fr\/wp-json\/wp\/v2\/types\/page"}],"author":[{"embeddable":true,"href":"https:\/\/test.ifesworld.org\/fr\/wp-json\/wp\/v2\/users\/2"}],"replies":[{"embeddable":true,"href":"https:\/\/test.ifesworld.org\/fr\/wp-json\/wp\/v2\/comments?post=19336"}],"version-history":[{"count":0,"href":"https:\/\/test.ifesworld.org\/fr\/wp-json\/wp\/v2\/pages\/19336\/revisions"}],"wp:featuredmedia":[{"embeddable":true,"href":"https:\/\/test.ifesworld.org\/fr\/wp-json\/wp\/v2\/media\/19326"}],"wp:attachment":[{"href":"https:\/\/test.ifesworld.org\/fr\/wp-json\/wp\/v2\/media?parent=19336"}],"wp:term":[{"taxonomy":"area","embeddable":true,"href":"https:\/\/test.ifesworld.org\/fr\/wp-json\/wp\/v2\/area?post=19336"},{"taxonomy":"theme","embeddable":true,"href":"https:\/\/test.ifesworld.org\/fr\/wp-json\/wp\/v2\/theme?post=19336"}],"curies":[{"name":"wp","href":"https:\/\/api.w.org\/{rel}","templated":true}]}}