{"id":281,"date":"2019-04-17T08:11:15","date_gmt":"2019-04-17T08:11:15","guid":{"rendered":"https:\/\/test.ifesworld.org\/landing\/oren-por-la-universidad\/"},"modified":"2025-04-28T10:10:14","modified_gmt":"2025-04-28T09:10:14","slug":"orar","status":"publish","type":"page","link":"https:\/\/test.ifesworld.org\/es\/orar\/","title":{"rendered":"Ora por los estudiantes"},"content":{"rendered":"<div class=\"wp-block block-core-paragraph\">\n<p class=\"has-md-font-size wp-block-paragraph\">Dios est\u00e1 obrando en las universidades de todo el mundo. Pero nos invita a formar parte de su obra mediante la oraci\u00f3n.<\/p>\n<\/div>\n\n<div class=\"wp-block block-core-paragraph\">\n<p class=\"wp-block-paragraph\">La oraci\u00f3n es el centro de todo lo que hacemos en IFES y nos encantar\u00eda que oraran con nosotros por este ministerio estrat\u00e9gico y transformador.&nbsp; <\/p>\n<\/div>\n\n<div class=\"wp-block block-core-heading\">\n<h2 class=\"wp-block-heading\">Ora con nosotros todas las dos semanas <\/h2>\n<\/div>\n\n<div class=\"wp-block block-core-paragraph\">\n<p class=\"wp-block-paragraph\">Lee las historias de los movimientos estudiantiles de IFES en una gran variedad de culturas y contextos. Este bolet\u00edn de oraci\u00f3n electr\u00f3nico te da una visi\u00f3n de las vidas de los estudiantes, seg\u00fan aprenden a vivir como disc\u00edpulos de Jes\u00fas en el campus.&nbsp; <\/p>\n<\/div>\n\n<div class=\"wp-block block-core-paragraph\">\n<p class=\"wp-block-paragraph\">Las historias de Prayerline tambi\u00e9n se publican en el <a href=\"https:\/\/www.instagram.com\/ifesworld\/\">Instagram<\/a>&nbsp;and&nbsp;<a href=\"https:\/\/www.facebook.com\/ifesworld\/\" target=\"_blank\" rel=\"noreferrer noopener\">Facebook.<\/a><\/p>\n<\/div>\n\n<div class=\"wp-block block-acf-subscriptionsignup\">\n<section id=\"subscription-signup-block_6c63843eb434080bb8d345ea1c3b8198\" class=\"subscription-signup subscription--prayerline side-padding--md\">\n    <div class=\"signup__content container--adaptive-md align--center text--center\">\n\n      \n      <script>(function() {\n\twindow.mc4wp = window.mc4wp || {\n\t\tlisteners: [],\n\t\tforms: {\n\t\t\ton: function(evt, cb) {\n\t\t\t\twindow.mc4wp.listeners.push(\n\t\t\t\t\t{\n\t\t\t\t\t\tevent   : evt,\n\t\t\t\t\t\tcallback: cb\n\t\t\t\t\t}\n\t\t\t\t);\n\t\t\t}\n\t\t}\n\t}\n})();\n<\/script><!-- Mailchimp for WordPress v4.12.1 - https:\/\/wordpress.org\/plugins\/mailchimp-for-wp\/ --><form id=\"mc4wp-form-1\" class=\"mc4wp-form mc4wp-form-3199\" method=\"post\" data-id=\"3199\" data-name=\"\" ><div class=\"mc4wp-form-fields\"><div class=\"signup__form container--full-width flex flex--wrap flex--center\">\r\n<div class=\"form__input signup__fname\">\r\n\t<label class=\"form__label sr-only\" for=\"signup-fname\">Nombre de pila:<\/label>\r\n\t<input id=\"signup-fname\" type=\"text\" name=\"FNAME\" placeholder=\"Nombre de pila\" \/>\r\n<\/div>\r\n<div class=\"form__input signup__lname\">\r\n\t<label class=\"form__label sr-only\" for=\"signup-lname\">Apellido:<\/label>\r\n\t<input id=\"signup-lname\" type=\"text\" name=\"LNAME\" placeholder=\"Apellido\" \/>\r\n<\/div>\r\n<div class=\"form__input signup__email\">\r\n\t<label class=\"form__label sr-only\" for=\"signup-email\">Correo electr\u00f3nico:<\/label>\r\n\t<input id=\"signup-email\" type=\"text\" name=\"EMAIL\" placeholder=\"Correo electr\u00f3nico\" \/>\r\n<\/div>\r\n<span class=\"btn btn--primary form__submit\">\r\n\t<input type=\"submit\">\r\n\t<span>Subscribirse<\/span>\r\n<\/span>\r\n<\/div>\r\n<input type=\"hidden\" name=\"list\" value=\"prayerline\" \/>\r\n\r\n<\/div><label style=\"display: none !important;\">Deja vac\u00edo este campo si eres humano: <input type=\"text\" name=\"_mc4wp_honeypot\" value=\"\" tabindex=\"-1\" autocomplete=\"off\" \/><\/label><input type=\"hidden\" name=\"_mc4wp_timestamp\" value=\"1778755153\" \/><input type=\"hidden\" name=\"_mc4wp_form_id\" value=\"3199\" \/><input type=\"hidden\" name=\"_mc4wp_form_element_id\" value=\"mc4wp-form-1\" \/><div class=\"mc4wp-response\"><\/div><\/form><!-- \/ Mailchimp for WordPress Plugin -->      \n          <\/div>\n<\/section>\n<\/div>\n\n<div class=\"wp-block block-acf-prayerline alignwide\"><section id=\"post-list-latest-post-block_1e07a9c63f558146057df61863d78662\" class='alignwide latest-post-list list--prayerline'>\n            <ul class='post-list items--3 flex flex--wrap flex--center-x no-style'>\n<li class=\"post__item flex flex--column\">\n    <article id=\"post-46540\" class=\"article-thumbnail article--prayerline article--east-asia\">\n      <a href=\"https:\/\/test.ifesworld.org\/es\/prayerline\/una-revelacion-gradual\/\" class=\"post__link\" rel=\"bookmark\">\n        <figure class=\"post__image  image--absolute--center image--absolute--mask\">\n          <img loading=\"lazy\" decoding=\"async\" width=\"740\" height=\"416\" src=\"https:\/\/test.ifesworld.org\/wp-content\/uploads\/2025\/05\/PL-Cambodia-12-1-1024x576.jpeg\" class=\"attachment-large size-large wp-post-image\" alt=\"\" srcset=\"https:\/\/test.ifesworld.org\/wp-content\/uploads\/2025\/05\/PL-Cambodia-12-1-1024x576.jpeg 1024w, https:\/\/test.ifesworld.org\/wp-content\/uploads\/2025\/05\/PL-Cambodia-12-1-300x169.jpeg 300w, https:\/\/test.ifesworld.org\/wp-content\/uploads\/2025\/05\/PL-Cambodia-12-1-768x432.jpeg 768w, https:\/\/test.ifesworld.org\/wp-content\/uploads\/2025\/05\/PL-Cambodia-12-1.jpeg 1280w\" sizes=\"auto, (max-width: 740px) 100vw, 740px\" \/>         <\/figure>\n        <header class=\"post__content flex flex--column flex--end\">\n          <h1 class=\"post__title flex flex--column\">\n                          <span class=\"post__area\">Camboya:<\/span>\n                         Una revelaci\u00f3n gradual             <i class=\"icon-container icon--praying-hands-solid\">\n                <svg class=\"icon\">\n                    <use xlink:href=\"#praying-hands-solid\"><\/use>\n                <\/svg>\n             <\/i>\n          <\/h1>\n        <\/header>\n      <\/a>\n    <\/article>\n<\/li>\n\n\n<li class=\"post__item flex flex--column\">\n    <article id=\"post-46236\" class=\"article-thumbnail article--prayerline article--francophone-africa\">\n      <a href=\"https:\/\/test.ifesworld.org\/es\/prayerline\/no-con-ejercito\/\" class=\"post__link\" rel=\"bookmark\">\n        <figure class=\"post__image  image--absolute--center image--absolute--mask\">\n          <img loading=\"lazy\" decoding=\"async\" width=\"740\" height=\"494\" src=\"https:\/\/test.ifesworld.org\/wp-content\/uploads\/2025\/05\/Screenshot-2025-05-12-17.47.56-1024x684.png\" class=\"attachment-large size-large wp-post-image\" alt=\"\" srcset=\"https:\/\/test.ifesworld.org\/wp-content\/uploads\/2025\/05\/Screenshot-2025-05-12-17.47.56-1024x684.png 1024w, https:\/\/test.ifesworld.org\/wp-content\/uploads\/2025\/05\/Screenshot-2025-05-12-17.47.56-300x200.png 300w, https:\/\/test.ifesworld.org\/wp-content\/uploads\/2025\/05\/Screenshot-2025-05-12-17.47.56-768x513.png 768w, https:\/\/test.ifesworld.org\/wp-content\/uploads\/2025\/05\/Screenshot-2025-05-12-17.47.56.png 1343w\" sizes=\"auto, (max-width: 740px) 100vw, 740px\" \/>         <\/figure>\n        <header class=\"post__content flex flex--column flex--end\">\n          <h1 class=\"post__title flex flex--column\">\n                          <span class=\"post__area\">Burundi:<\/span>\n                         No con ej\u00e9rcito             <i class=\"icon-container icon--praying-hands-solid\">\n                <svg class=\"icon\">\n                    <use xlink:href=\"#praying-hands-solid\"><\/use>\n                <\/svg>\n             <\/i>\n          <\/h1>\n        <\/header>\n      <\/a>\n    <\/article>\n<\/li>\n\n\n<li class=\"post__item flex flex--column\">\n    <article id=\"post-46070\" class=\"article-thumbnail article--prayerline article--latin-america\">\n      <a href=\"https:\/\/test.ifesworld.org\/es\/prayerline\/una-pasion-compartida\/\" class=\"post__link\" rel=\"bookmark\">\n        <figure class=\"post__image  image--absolute--center image--absolute--mask\">\n          <img loading=\"lazy\" decoding=\"async\" width=\"740\" height=\"555\" src=\"https:\/\/test.ifesworld.org\/wp-content\/uploads\/2025\/04\/mission-day-SUGGESTED-BANNER-IMAGE-1024x768.jpg\" class=\"attachment-large size-large wp-post-image\" alt=\"\" srcset=\"https:\/\/test.ifesworld.org\/wp-content\/uploads\/2025\/04\/mission-day-SUGGESTED-BANNER-IMAGE-1024x768.jpg 1024w, https:\/\/test.ifesworld.org\/wp-content\/uploads\/2025\/04\/mission-day-SUGGESTED-BANNER-IMAGE-300x225.jpg 300w, https:\/\/test.ifesworld.org\/wp-content\/uploads\/2025\/04\/mission-day-SUGGESTED-BANNER-IMAGE-768x576.jpg 768w, https:\/\/test.ifesworld.org\/wp-content\/uploads\/2025\/04\/mission-day-SUGGESTED-BANNER-IMAGE-1536x1152.jpg 1536w, https:\/\/test.ifesworld.org\/wp-content\/uploads\/2025\/04\/mission-day-SUGGESTED-BANNER-IMAGE.jpg 2048w\" sizes=\"auto, (max-width: 740px) 100vw, 740px\" \/>         <\/figure>\n        <header class=\"post__content flex flex--column flex--end\">\n          <h1 class=\"post__title flex flex--column\">\n                          <span class=\"post__area\">Honduras:<\/span>\n                         Una pasi\u00f3n compartida             <i class=\"icon-container icon--praying-hands-solid\">\n                <svg class=\"icon\">\n                    <use xlink:href=\"#praying-hands-solid\"><\/use>\n                <\/svg>\n             <\/i>\n          <\/h1>\n        <\/header>\n      <\/a>\n    <\/article>\n<\/li>\n\n<\/ul><\/section><\/div>\n\n<div class=\"wp-block block-acf-ifesbutton\">\n<div class=\"\">\n    <a id=\"btn-block_15a8dd535df2020cf1a0ce8d89ab8983\" target=\"\" href=\"https:\/\/test.ifesworld.org\/prayerline\" class=\"btn btn--cta-link\">\n        <span>\n                    <span class=\"icon\"><svg class=\"icon\"><use xlink:href=\"#chevron-circle-right-solid\"\/><\/svg><\/span>\n        Descubre m\u00e1s historias de oraci\u00f3n de todo el mundo         <\/span>\n    <\/a>\n<\/div>\n\n<\/div>\n\n<div class=\"wp-block block-core-html\">\n<iframe loading=\"lazy\" title=\"IFES Prayerline\" allowtransparency=\"true\" height=\"220\" width=\"100%\" style=\"border: none; min-width: min(100%, 430px);\" scrolling=\"no\" data-name=\"pb-iframe-player\" src=\"https:\/\/www.podbean.com\/player-v2\/?i=x8neg-bc7927-pbblog-playlist&amp;share=1&amp;download=1&amp;rtl=0&amp;fonts=Arial&amp;skin=1&amp;font-color=auto&amp;logo_link=episode_page&amp;order=episodic&amp;limit=2&amp;filter=all&amp;ss=b4b4bb9ac092f091dd74708044c8f2f2&amp;btn-skin=3267a3&amp;size=220\" allowfullscreen=\"\"><\/iframe>\n<\/div>\n\n<div class=\"wp-block block-acf-spacer\">\n<div id=\"spacer-block_4f2479fec40c30c37fba98e529a74a7d\" class=\"\">\n    <div aria-hidden=\"true\" class=\"wp-block-spacer spacer--md\"><\/div>\n<\/div>\n<\/div>\n\n<div class=\"wp-block block-core-group alignfull\">\n<div class=\"wp-block-group alignfull has-world-student-day-background-color has-background\"><div class=\"wp-block-group__inner-container is-layout-flow wp-block-group-is-layout-flow\"><div class=\"wp-block block-core-heading\">\n<h2 class=\"wp-block-heading has-white-color has-text-color\">\u00danete a nosotros para el D\u00eda Mundial del Estudiante el 16 de Octubre 2025<\/h2>\n<\/div>\n\n<div class=\"wp-block block-core-paragraph\">\n<p class=\"has-white-color has-text-color wp-block-paragraph\">El D\u00eda Mundial del Estudiante son 48 horas de oraci\u00f3n durante las que se une nuestro movimiento global (estudiantes, obreros y personas que apoyan a IFES) para celebrar todo lo que Dios est\u00e1 haciendo a trav\u00e9s de IFES y para orar por los estudiantes de todo el mundo.<\/p>\n<\/div>\n\n<div class=\"wp-block block-acf-ifesbutton\">\n<div class=\"\">\n    <a id=\"btn-block_b382b8571ca48e6d1c9b04dec6472253\" target=\"\" href=\"http:\/\/test.ifesworld.org\/en\/wsd\/\" class=\"btn btn--secondary\">\n        <span>\n        \u00danete        <\/span>\n    <\/a>\n<\/div>\n\n<\/div><\/div>\n<\/div><\/div>\n\n<div class=\"wp-block block-core-group alignfull\">\n<div class=\"wp-block-group alignfull has-white-background-color has-background\"><div class=\"wp-block-group__inner-container is-layout-flow wp-block-group-is-layout-flow\"><div class=\"wp-block block-core-heading\">\n<h2 class=\"wp-block-heading\" id=\"mas\">M\u00e1s recursos que te ayudar\u00e1n a orar: <\/h2>\n<\/div>\n\n<div class=\"wp-block block-core-list\">\n<ul class=\"wp-block-list\"><div class=\"wp-block block-core-list-item\">\n<li><strong>A colle Gu\u00eda de Oraci\u00f3n Diaria:<\/strong> Una serie bimensual de motivos de oraci\u00f3n diarios por el ministerio estudiantil de todo el mundo. <a href=\"https:\/\/test.ifesworld.org\/wp-content\/uploads\/2025\/03\/IFES8041-DPG-Apr-Jun-2025-EN-WEB-SINGLES.pdf\" target=\"_blank\" rel=\"noreferrer noopener\">Descargar el PDF<\/a> (en \u00edngles).<\/li>\n<\/div>\n\n<div class=\"wp-block block-core-list-item\">\n<li><strong>Bolet\u00edn de Alabanza y Oraci\u00f3n:<\/strong> Noticias sobre el ministerio y los movimientos de IFES. Se publica un nuevo n\u00famero cada tres meses. <a href=\"https:\/\/test.ifesworld.org\/wp-content\/uploads\/2025\/03\/IFES8041-Praise-and-Prayer-Apr-Jun-2025-EN-WEB.pdf\" target=\"_blank\" rel=\"noreferrer noopener\">Descargar el PDF<\/a> (en \u00edngles).<\/li>\n<\/div>\n\n<div class=\"wp-block block-core-list-item\">\n<li>Tambi\u00e9n puede recibir estas actualizaciones en su tel\u00e9fono cada d\u00eda utilizando la <a href=\"http:\/\/praynow4.org\/ifes\" target=\"_blank\" rel=\"noreferrer noopener\">aplicaci\u00f3n PrayerMate<\/a> (en \u00edngles).<\/li>\n<\/div><\/ul>\n<\/div><\/div>\n<\/div><\/div>\n\n<div class=\"wp-block block-core-paragraph\">\n<p class=\"wp-block-paragraph\"><\/p>\n<\/div>","protected":false},"excerpt":{"rendered":"<p>Dios est\u00e1 obrando en las universidades de todo el mundo. Pero nos invita a formar parte de su obra mediante la oraci\u00f3n. La oraci\u00f3n es el centro de todo lo que hacemos en IFES y nos encantar\u00eda que oraran con nosotros por este ministerio estrat\u00e9gico y transformador.&nbsp; Ora con nosotros todas las dos semanas Lee&#8230;<\/p>\n","protected":false},"author":2,"featured_media":33397,"parent":0,"menu_order":0,"comment_status":"closed","ping_status":"closed","template":"","meta":{"_acf_changed":false,"_crdt_document":"","inline_featured_image":false,"footnotes":""},"area":[],"theme":[],"class_list":["post-281","page","type-page","status-publish","has-post-thumbnail","hentry"],"acf":[],"yoast_head":"<!-- This site is optimized with the Yoast SEO plugin v27.3 - https:\/\/yoast.com\/product\/yoast-seo-wordpress\/ -->\n<title>Ora por los estudiantes &#183; IFES<\/title>\n<meta name=\"description\" content=\"Dios est\u00e1 obrando en las universidades de todo el mundo. Pero nos invita a formar parte de su obra mediante la oraci\u00f3n. La oraci\u00f3n es el centro de todo lo\" \/>\n<meta name=\"robots\" content=\"noindex, follow, max-snippet:-1, max-image-preview:large, max-video-preview:-1\" \/>\n<meta property=\"og:locale\" content=\"es_ES\" \/>\n<meta property=\"og:type\" content=\"article\" \/>\n<meta property=\"og:title\" content=\"Ora por los estudiantes &#183; IFES\" \/>\n<meta property=\"og:description\" content=\"Dios est\u00e1 obrando en las universidades de todo el mundo. Pero nos invita a formar parte de su obra mediante la oraci\u00f3n. La oraci\u00f3n es el centro de todo lo\" \/>\n<meta property=\"og:url\" content=\"https:\/\/test.ifesworld.org\/es\/orar\/\" \/>\n<meta property=\"og:site_name\" content=\"IFES\" \/>\n<meta property=\"article:modified_time\" content=\"2025-04-28T09:10:14+00:00\" \/>\n<meta property=\"og:image\" content=\"https:\/\/test.ifesworld.org\/wp-content\/uploads\/2024\/01\/DSCF5265-1-scaled.jpg\" \/>\n\t<meta property=\"og:image:width\" content=\"2560\" \/>\n\t<meta property=\"og:image:height\" content=\"1707\" \/>\n\t<meta property=\"og:image:type\" content=\"image\/jpeg\" \/>\n<meta name=\"twitter:card\" content=\"summary_large_image\" \/>\n<meta name=\"twitter:label1\" content=\"Tiempo de lectura\" \/>\n\t<meta name=\"twitter:data1\" content=\"3 minutos\" \/>\n<script type=\"application\/ld+json\" class=\"yoast-schema-graph\">{\"@context\":\"https:\\\/\\\/schema.org\",\"@graph\":[{\"@type\":\"WebPage\",\"@id\":\"https:\\\/\\\/test.ifesworld.org\\\/es\\\/orar\\\/\",\"url\":\"https:\\\/\\\/test.ifesworld.org\\\/es\\\/orar\\\/\",\"name\":\"Ora por los estudiantes &#183; IFES\",\"isPartOf\":{\"@id\":\"https:\\\/\\\/test.ifesworld.org\\\/en\\\/#website\"},\"primaryImageOfPage\":{\"@id\":\"https:\\\/\\\/test.ifesworld.org\\\/es\\\/orar\\\/#primaryimage\"},\"image\":{\"@id\":\"https:\\\/\\\/test.ifesworld.org\\\/es\\\/orar\\\/#primaryimage\"},\"thumbnailUrl\":\"https:\\\/\\\/test.ifesworld.org\\\/wp-content\\\/uploads\\\/2024\\\/01\\\/DSCF5265-1-scaled.jpg\",\"datePublished\":\"2019-04-17T08:11:15+00:00\",\"dateModified\":\"2025-04-28T09:10:14+00:00\",\"description\":\"Dios est\u00e1 obrando en las universidades de todo el mundo. Pero nos invita a formar parte de su obra mediante la oraci\u00f3n. La oraci\u00f3n es el centro de todo lo\",\"breadcrumb\":{\"@id\":\"https:\\\/\\\/test.ifesworld.org\\\/es\\\/orar\\\/#breadcrumb\"},\"inLanguage\":\"es\",\"potentialAction\":[{\"@type\":\"ReadAction\",\"target\":[\"https:\\\/\\\/test.ifesworld.org\\\/es\\\/orar\\\/\"]}]},{\"@type\":\"ImageObject\",\"inLanguage\":\"es\",\"@id\":\"https:\\\/\\\/test.ifesworld.org\\\/es\\\/orar\\\/#primaryimage\",\"url\":\"https:\\\/\\\/test.ifesworld.org\\\/wp-content\\\/uploads\\\/2024\\\/01\\\/DSCF5265-1-scaled.jpg\",\"contentUrl\":\"https:\\\/\\\/test.ifesworld.org\\\/wp-content\\\/uploads\\\/2024\\\/01\\\/DSCF5265-1-scaled.jpg\",\"width\":2560,\"height\":1707},{\"@type\":\"BreadcrumbList\",\"@id\":\"https:\\\/\\\/test.ifesworld.org\\\/es\\\/orar\\\/#breadcrumb\",\"itemListElement\":[{\"@type\":\"ListItem\",\"position\":1,\"name\":\"Home\",\"item\":\"https:\\\/\\\/test.ifesworld.org\\\/es\\\/\"},{\"@type\":\"ListItem\",\"position\":2,\"name\":\"Ora por los estudiantes\"}]},{\"@type\":\"WebSite\",\"@id\":\"https:\\\/\\\/test.ifesworld.org\\\/en\\\/#website\",\"url\":\"https:\\\/\\\/test.ifesworld.org\\\/en\\\/\",\"name\":\"IFES\",\"description\":\"A movement of students sharing and living out the good news of Jesus Christ. Locally. Nationally. Globally.\",\"publisher\":{\"@id\":\"https:\\\/\\\/test.ifesworld.org\\\/en\\\/#organization\"},\"potentialAction\":[{\"@type\":\"SearchAction\",\"target\":{\"@type\":\"EntryPoint\",\"urlTemplate\":\"https:\\\/\\\/test.ifesworld.org\\\/en\\\/?s={search_term_string}\"},\"query-input\":{\"@type\":\"PropertyValueSpecification\",\"valueRequired\":true,\"valueName\":\"search_term_string\"}}],\"inLanguage\":\"es\"},{\"@type\":\"Organization\",\"@id\":\"https:\\\/\\\/test.ifesworld.org\\\/en\\\/#organization\",\"name\":\"IFES \u00b7 International Fellowship of Evangelical Students\",\"url\":\"https:\\\/\\\/test.ifesworld.org\\\/en\\\/\",\"logo\":{\"@type\":\"ImageObject\",\"inLanguage\":\"es\",\"@id\":\"https:\\\/\\\/test.ifesworld.org\\\/en\\\/#\\\/schema\\\/logo\\\/image\\\/\",\"url\":\"https:\\\/\\\/test.ifesworld.org\\\/wp-content\\\/uploads\\\/2019\\\/06\\\/ifeslogo.png\",\"contentUrl\":\"https:\\\/\\\/test.ifesworld.org\\\/wp-content\\\/uploads\\\/2019\\\/06\\\/ifeslogo.png\",\"width\":262,\"height\":262,\"caption\":\"IFES \u00b7 International Fellowship of Evangelical Students\"},\"image\":{\"@id\":\"https:\\\/\\\/test.ifesworld.org\\\/en\\\/#\\\/schema\\\/logo\\\/image\\\/\"}}]}<\/script>\n<!-- \/ Yoast SEO plugin. -->","yoast_head_json":{"title":"Ora por los estudiantes &#183; IFES","description":"Dios est\u00e1 obrando en las universidades de todo el mundo. Pero nos invita a formar parte de su obra mediante la oraci\u00f3n. La oraci\u00f3n es el centro de todo lo","robots":{"index":"noindex","follow":"follow","max-snippet":"max-snippet:-1","max-image-preview":"max-image-preview:large","max-video-preview":"max-video-preview:-1"},"og_locale":"es_ES","og_type":"article","og_title":"Ora por los estudiantes &#183; IFES","og_description":"Dios est\u00e1 obrando en las universidades de todo el mundo. Pero nos invita a formar parte de su obra mediante la oraci\u00f3n. La oraci\u00f3n es el centro de todo lo","og_url":"https:\/\/test.ifesworld.org\/es\/orar\/","og_site_name":"IFES","article_modified_time":"2025-04-28T09:10:14+00:00","og_image":[{"width":2560,"height":1707,"url":"https:\/\/test.ifesworld.org\/wp-content\/uploads\/2024\/01\/DSCF5265-1-scaled.jpg","type":"image\/jpeg"}],"twitter_card":"summary_large_image","twitter_misc":{"Tiempo de lectura":"3 minutos"},"schema":{"@context":"https:\/\/schema.org","@graph":[{"@type":"WebPage","@id":"https:\/\/test.ifesworld.org\/es\/orar\/","url":"https:\/\/test.ifesworld.org\/es\/orar\/","name":"Ora por los estudiantes &#183; IFES","isPartOf":{"@id":"https:\/\/test.ifesworld.org\/en\/#website"},"primaryImageOfPage":{"@id":"https:\/\/test.ifesworld.org\/es\/orar\/#primaryimage"},"image":{"@id":"https:\/\/test.ifesworld.org\/es\/orar\/#primaryimage"},"thumbnailUrl":"https:\/\/test.ifesworld.org\/wp-content\/uploads\/2024\/01\/DSCF5265-1-scaled.jpg","datePublished":"2019-04-17T08:11:15+00:00","dateModified":"2025-04-28T09:10:14+00:00","description":"Dios est\u00e1 obrando en las universidades de todo el mundo. Pero nos invita a formar parte de su obra mediante la oraci\u00f3n. La oraci\u00f3n es el centro de todo lo","breadcrumb":{"@id":"https:\/\/test.ifesworld.org\/es\/orar\/#breadcrumb"},"inLanguage":"es","potentialAction":[{"@type":"ReadAction","target":["https:\/\/test.ifesworld.org\/es\/orar\/"]}]},{"@type":"ImageObject","inLanguage":"es","@id":"https:\/\/test.ifesworld.org\/es\/orar\/#primaryimage","url":"https:\/\/test.ifesworld.org\/wp-content\/uploads\/2024\/01\/DSCF5265-1-scaled.jpg","contentUrl":"https:\/\/test.ifesworld.org\/wp-content\/uploads\/2024\/01\/DSCF5265-1-scaled.jpg","width":2560,"height":1707},{"@type":"BreadcrumbList","@id":"https:\/\/test.ifesworld.org\/es\/orar\/#breadcrumb","itemListElement":[{"@type":"ListItem","position":1,"name":"Home","item":"https:\/\/test.ifesworld.org\/es\/"},{"@type":"ListItem","position":2,"name":"Ora por los estudiantes"}]},{"@type":"WebSite","@id":"https:\/\/test.ifesworld.org\/en\/#website","url":"https:\/\/test.ifesworld.org\/en\/","name":"IFES","description":"A movement of students sharing and living out the good news of Jesus Christ. Locally. Nationally. Globally.","publisher":{"@id":"https:\/\/test.ifesworld.org\/en\/#organization"},"potentialAction":[{"@type":"SearchAction","target":{"@type":"EntryPoint","urlTemplate":"https:\/\/test.ifesworld.org\/en\/?s={search_term_string}"},"query-input":{"@type":"PropertyValueSpecification","valueRequired":true,"valueName":"search_term_string"}}],"inLanguage":"es"},{"@type":"Organization","@id":"https:\/\/test.ifesworld.org\/en\/#organization","name":"IFES \u00b7 International Fellowship of Evangelical Students","url":"https:\/\/test.ifesworld.org\/en\/","logo":{"@type":"ImageObject","inLanguage":"es","@id":"https:\/\/test.ifesworld.org\/en\/#\/schema\/logo\/image\/","url":"https:\/\/test.ifesworld.org\/wp-content\/uploads\/2019\/06\/ifeslogo.png","contentUrl":"https:\/\/test.ifesworld.org\/wp-content\/uploads\/2019\/06\/ifeslogo.png","width":262,"height":262,"caption":"IFES \u00b7 International Fellowship of Evangelical Students"},"image":{"@id":"https:\/\/test.ifesworld.org\/en\/#\/schema\/logo\/image\/"}}]}},"_links":{"self":[{"href":"https:\/\/test.ifesworld.org\/es\/wp-json\/wp\/v2\/pages\/281","targetHints":{"allow":["GET"]}}],"collection":[{"href":"https:\/\/test.ifesworld.org\/es\/wp-json\/wp\/v2\/pages"}],"about":[{"href":"https:\/\/test.ifesworld.org\/es\/wp-json\/wp\/v2\/types\/page"}],"author":[{"embeddable":true,"href":"https:\/\/test.ifesworld.org\/es\/wp-json\/wp\/v2\/users\/2"}],"replies":[{"embeddable":true,"href":"https:\/\/test.ifesworld.org\/es\/wp-json\/wp\/v2\/comments?post=281"}],"version-history":[{"count":0,"href":"https:\/\/test.ifesworld.org\/es\/wp-json\/wp\/v2\/pages\/281\/revisions"}],"wp:featuredmedia":[{"embeddable":true,"href":"https:\/\/test.ifesworld.org\/es\/wp-json\/wp\/v2\/media\/33397"}],"wp:attachment":[{"href":"https:\/\/test.ifesworld.org\/es\/wp-json\/wp\/v2\/media?parent=281"}],"wp:term":[{"taxonomy":"area","embeddable":true,"href":"https:\/\/test.ifesworld.org\/es\/wp-json\/wp\/v2\/area?post=281"},{"taxonomy":"theme","embeddable":true,"href":"https:\/\/test.ifesworld.org\/es\/wp-json\/wp\/v2\/theme?post=281"}],"curies":[{"name":"wp","href":"https:\/\/api.w.org\/{rel}","templated":true}]}}