{"id":17961,"date":"2022-02-15T09:29:58","date_gmt":"2022-02-15T09:29:58","guid":{"rendered":"https:\/\/test.ifesworld.org\/?page_id=17961"},"modified":"2022-02-17T14:30:20","modified_gmt":"2022-02-17T14:30:20","slug":"preguntas-frecuentes","status":"publish","type":"page","link":"https:\/\/test.ifesworld.org\/es\/preguntas-frecuentes\/","title":{"rendered":"PREGUNTAS FRECUENTES"},"content":{"rendered":"<div class=\"wp-block block-core-paragraph\">\n<p class=\"has-md-font-size wp-block-paragraph\"><strong>\u00bfTienes m\u00e1s preguntas acerca del D\u00eda Mundial de la Generosidad? Aqu\u00ed encontrar\u00e1s algunas de las preguntas m\u00e1s frecuentes.&nbsp;<\/strong><\/p>\n<\/div>\n\n<div class=\"wp-block block-core-paragraph\">\n<p class=\"wp-block-paragraph\">Si tu pregunta no est\u00e1 en este listado, puedes ponerte en contacto con nosotros por correo electr\u00f3nico en:\u00a0\u00a0<a href=\"mailto:hello@test.ifesworld.org\" target=\"_blank\" rel=\"noreferrer noopener\">hello@test.ifesworld.org<\/a>.<\/p>\n<\/div>\n\n<div class=\"wp-block block-acf-ifesbutton\">\n<div class=\"\">\n    <a id=\"btn-block_620e5ba62ca3b\" target=\"\" href=\"https:\/\/test.ifesworld.org\/es\/dia-mundial-de-la-generosidad-2022\/\" class=\"btn btn--cta-link\">\n        <span>\n                    <span class=\"icon\"><svg class=\"icon\"><use xlink:href=\"#chevron-circle-right-solid\"\/><\/svg><\/span>\n        volver a la p\u00e1gina del d\u00eda mundial de la generosidad        <\/span>\n    <\/a>\n<\/div>\n\n<\/div>\n\n<div class=\"wp-block block-pb-accordion-item\">\n<div class=\"wp-block-pb-accordion-item c-accordion__item js-accordion-item no-js\" data-initially-open=\"false\" data-click-to-close=\"true\" data-auto-close=\"true\" data-scroll=\"false\" data-scroll-offset=\"0\"><h2 id=\"at-179610\" class=\"c-accordion__title js-accordion-controller\" role=\"button\"><strong>\u00bfDe qu\u00e9 maneras diferentes puedo donar?\u00a0<\/strong>\u00a0<\/h2><div id=\"ac-179610\" class=\"c-accordion__content\"><div class=\"wp-block block-core-paragraph\">\n<p class=\"wp-block-paragraph\">Para donar mediante una tarjeta de cr\u00e9dito o d\u00e9bito en d\u00f3lares estadounidenses, euros o libras, entra <a href=\"https:\/\/give.test.ifesworld.org\/customgiving?t=1&amp;d=IN000_PGGD&amp;s=22CCAPGGDLP&amp;a=0\" target=\"_blank\" rel=\"noreferrer noopener\">aqu\u00ed<\/a>. Para donar por tel\u00e9fono, entra <a href=\"https:\/\/give.test.ifesworld.org\/givephone\" target=\"_blank\" rel=\"noreferrer noopener\">aqu\u00ed<\/a>. Para donar a trav\u00e9s de otro medio, por favor, entra <a href=\"https:\/\/give.test.ifesworld.org\/giveother\" target=\"_blank\" rel=\"noreferrer noopener\">aqu\u00ed.<\/a>&nbsp;&nbsp;<\/p>\n<\/div>\n\n<div class=\"wp-block block-core-paragraph\">\n<p class=\"wp-block-paragraph\">Si vives en Canad\u00e1, entra <a href=\"https:\/\/ivcf.ca\/donate\" target=\"_blank\" rel=\"noreferrer noopener\">aqu\u00ed<\/a> y busca IFES \u2013 D\u00eda Mundial de la generosidad.&nbsp;<\/p>\n<\/div>\n\n<div class=\"wp-block block-core-paragraph\">\n<p class=\"wp-block-paragraph\">Si vives en Malasia, quiz\u00e1s prefieras donar para los fondos de IFES que guarda FES Malasia:&nbsp;<\/p>\n<\/div>\n\n<div class=\"wp-block block-core-paragraph\">\n<p class=\"wp-block-paragraph\">Banco p\u00fablico:&nbsp;<\/p>\n<\/div>\n\n<div class=\"wp-block block-core-paragraph\">\n<p class=\"wp-block-paragraph\">Nombre: Comunidad de Estudiantes Evang\u00e9licos de Malasia&nbsp;<\/p>\n<\/div>\n\n<div class=\"wp-block block-core-paragraph\">\n<p class=\"wp-block-paragraph\">N\u00famero de cuenta: 321 399 5930&nbsp;<\/p>\n<\/div>\n\n<div class=\"wp-block block-core-paragraph\">\n<p class=\"wp-block-paragraph\">Si vives en Corea del Sur, quiz\u00e1s prefieras donar para los fondos de IFES que guarda IVF Corea:&nbsp;<\/p>\n<\/div>\n\n<div class=\"wp-block block-core-paragraph\">\n<p class=\"wp-block-paragraph\">\uad6d\ubbfc\uc740\ud589 032901-04-088040&nbsp;<\/p>\n<\/div>\n\n<div class=\"wp-block block-core-paragraph\">\n<p class=\"wp-block-paragraph\">\uc608\uae08\uc8fc: \uc0ac) \ud55c\uad6d\uae30\ub3c5\ud559\uc0dd\ud68c&nbsp;<\/p>\n<\/div>\n\n<div class=\"wp-block block-core-paragraph\">\n<p class=\"wp-block-paragraph\">Despu\u00e9s de enviar tu donativo, por favor, env\u00eda un correo electr\u00f3nico con tu nombre, n\u00famero de identificaci\u00f3n y n\u00famero de tel\u00e9fono a <a href=\"mailto:finance@ivf.or.kr\" target=\"_blank\" rel=\"noreferrer noopener\">finance@ivf.or.kr<\/a>.&nbsp;<\/p>\n<\/div><\/div><\/div>\n<\/div>\n\n<div class=\"wp-block block-pb-accordion-item\">\n<div class=\"wp-block-pb-accordion-item c-accordion__item js-accordion-item no-js\" data-initially-open=\"false\" data-click-to-close=\"true\" data-auto-close=\"true\" data-scroll=\"false\" data-scroll-offset=\"0\"><h2 id=\"at-179611\" class=\"c-accordion__title js-accordion-controller\" role=\"button\"><strong>\u00bfCon qui\u00e9n contacto si tengo dudas o preguntas acerca de mi donativo?<\/strong>\u00a0<\/h2><div id=\"ac-179611\" class=\"c-accordion__content\"><div class=\"wp-block block-core-paragraph\">\n<p class=\"wp-block-paragraph\">Si tienes cualquier problema a la hora de hacer tu donativo o tienes preguntas acerca de otras formas de donar, por favor, contacta con nosotros:&nbsp;<\/p>\n<\/div>\n\n<div class=\"wp-block block-core-paragraph\">\n<p class=\"wp-block-paragraph\"><strong>ESTADOS UNIDOS<\/strong>&nbsp;<br><a href=\"mailto:donor.services@test.ifesworld.org\" target=\"_blank\" rel=\"noreferrer noopener\">donor.services@test.ifesworld.org&nbsp;<br><\/a><a href=\"tel:+1%20608%20348%206234\" target=\"_blank\" rel=\"noreferrer noopener\">+1 608 348 6234<\/a>&nbsp;<\/p>\n<\/div>\n\n<div class=\"wp-block block-core-paragraph\">\n<p class=\"wp-block-paragraph\"><strong>ASIA<\/strong>&nbsp;<br><a href=\"mailto:ifesasia@test.ifesworld.org\" target=\"_blank\" rel=\"noreferrer noopener\">ifesasia@test.ifesworld.org&nbsp;<br><\/a><a href=\"tel:+60377322698\" target=\"_blank\" rel=\"noreferrer noopener\">+603 7732 2698<\/a>&nbsp;<\/p>\n<\/div>\n\n<div class=\"wp-block block-core-paragraph\">\n<p class=\"wp-block-paragraph\"><strong>REINO UNIDO Y OTROS PA\u00cdSES<\/strong>&nbsp;<br><a href=\"mailto:supporter.relations@test.ifesworld.org\" target=\"_blank\" rel=\"noreferrer noopener\">supporter.relations@test.ifesworld.org&nbsp;<br><\/a><a href=\"tel:+44%201865%20263577\" target=\"_blank\" rel=\"noreferrer noopener\">+44 1865 263577<\/a>&nbsp;<\/p>\n<\/div><\/div><\/div>\n<\/div>\n\n<div class=\"wp-block block-pb-accordion-item\">\n<div class=\"wp-block-pb-accordion-item c-accordion__item js-accordion-item no-js\" data-initially-open=\"false\" data-click-to-close=\"true\" data-auto-close=\"true\" data-scroll=\"false\" data-scroll-offset=\"0\"><h2 id=\"at-179612\" class=\"c-accordion__title js-accordion-controller\" role=\"button\"><strong>\u00bfDe qu\u00e9 manera contribuye mi donativo a la cantidad total necesaria para estos proyectos?<\/strong>\u00a0<\/h2><div id=\"ac-179612\" class=\"c-accordion__content\"><div class=\"wp-block block-core-paragraph\">\n<p class=\"wp-block-paragraph\">Para financiar por completo los proyectos destacados, necesitamos recaudar m\u00e1s de 120000 USD. Durante el D\u00eda Mundial de la Generosidad, nuestro objetivo es unirnos, como comunidad mundial, a fin de empoderar a los estudiantes que est\u00e1n alcanzando a otros estudiantes en todo el mundo. Cada donativo, ya sea grande o peque\u00f1o, transmite el mensaje de \u201cNo est\u00e1s solo\u201d a los estudiantes de todo el mundo que buscan vivir fielmente para Jes\u00fas.&nbsp;<\/p>\n<\/div><\/div><\/div>\n<\/div>\n\n<div class=\"wp-block block-pb-accordion-item\">\n<div class=\"wp-block-pb-accordion-item c-accordion__item js-accordion-item no-js\" data-initially-open=\"false\" data-click-to-close=\"true\" data-auto-close=\"true\" data-scroll=\"false\" data-scroll-offset=\"0\"><h2 id=\"at-179613\" class=\"c-accordion__title js-accordion-controller\" role=\"button\"><strong>\u00bfAd\u00f3nde ir\u00e1 mi donativo para el D\u00eda Mundial de la Generosidad si los fondos para todos los proyectos ya han sido recaudados?<\/strong>\u00a0<\/h2><div id=\"ac-179613\" class=\"c-accordion__content\"><div class=\"wp-block block-core-paragraph\">\n<p class=\"wp-block-paragraph\">Los proyectos que hemos incluido son ejemplos de la obra que podemos llevar a cabo juntos, \u00a1pero existen muchos m\u00e1s proyectos de los que podemos destacar en un d\u00eda! Tenemos muchas iniciativas planeadas para 2022 que todav\u00eda necesitan fondos y que no hemos incluido en el D\u00eda Mundial de la Generosidad. Por ello, todos los donativos adicionales que recibamos hoy ser\u00e1n enviados a proyectos similares en otras partes del mundo. Sea como sea, tu donativo empoderar\u00e1 a estudiantes que buscan vivir fielmente para Jes\u00fas en sus universidades.&nbsp;&nbsp;<\/p>\n<\/div><\/div><\/div>\n<\/div>\n\n<div class=\"wp-block block-pb-accordion-item\">\n<div class=\"wp-block-pb-accordion-item c-accordion__item js-accordion-item no-js\" data-initially-open=\"false\" data-click-to-close=\"true\" data-auto-close=\"true\" data-scroll=\"false\" data-scroll-offset=\"0\"><h2 id=\"at-179614\" class=\"c-accordion__title js-accordion-controller\" role=\"button\"><strong>Mi donativo, \u00bfpuede ir a un proyecto espec\u00edfico?<\/strong>\u00a0<\/h2><div id=\"ac-179614\" class=\"c-accordion__content\"><div class=\"wp-block block-core-paragraph\">\n<p class=\"wp-block-paragraph\">Tu donativo tendr\u00e1 un mayor impacto si va dirigido a los <a href=\"https:\/\/give.test.ifesworld.org\/customgiving?t=1&amp;d=IN000_PGGD&amp;s=22CCAPGGDLP&amp;a=0\" target=\"_blank\" rel=\"noreferrer noopener\">fondos del D\u00eda Mundial de la Generosidad<\/a>.. Beneficiar\u00e1 a los diez proyectos, a la vez que nos aseguramos de que ning\u00fan proyecto recibe m\u00e1s fondos de los que puede usar.&nbsp;&nbsp;<\/p>\n<\/div>\n\n<div class=\"wp-block block-core-paragraph\">\n<p class=\"wp-block-paragraph\">Sin embargo, si todav\u00eda quieres que tu apoyo vaya espec\u00edficamente a un proyecto en particular, nos lo puedes comunicar en la secci\u00f3n de Comentarios del proyecto de donativos en l\u00ednea.<\/p>\n<\/div><\/div><\/div>\n<\/div>\n\n<div class=\"wp-block block-pb-accordion-item\">\n<div class=\"wp-block-pb-accordion-item c-accordion__item js-accordion-item no-js\" data-initially-open=\"false\" data-click-to-close=\"true\" data-auto-close=\"true\" data-scroll=\"false\" data-scroll-offset=\"0\"><h2 id=\"at-179615\" class=\"c-accordion__title js-accordion-controller\" role=\"button\"><strong>\u00bfC\u00f3mo usa IFES mi donativo?<\/strong>\u00a0<\/h2><div id=\"ac-179615\" class=\"c-accordion__content\"><div class=\"wp-block block-core-paragraph\">\n<p class=\"wp-block-paragraph\">M\u00e1s del 80% de cada donativo va dirigido a los costes de nuestros programas y ministerios. A continuaci\u00f3n, encontrar\u00e1s el desglose de estos costes.&nbsp;&nbsp;<\/p>\n<\/div>\n\n\n<figure class=\"wp-block-image size-large\"><img loading=\"lazy\" decoding=\"async\" width=\"1024\" height=\"455\" src=\"https:\/\/test.ifesworld.org\/wp-content\/uploads\/2021\/11\/Ministry-expenditure-ES-1024x455.png\" alt=\"\" class=\"wp-image-17418\" srcset=\"https:\/\/test.ifesworld.org\/wp-content\/uploads\/2021\/11\/Ministry-expenditure-ES-1024x455.png 1024w, https:\/\/test.ifesworld.org\/wp-content\/uploads\/2021\/11\/Ministry-expenditure-ES-300x133.png 300w, https:\/\/test.ifesworld.org\/wp-content\/uploads\/2021\/11\/Ministry-expenditure-ES-768x342.png 768w, https:\/\/test.ifesworld.org\/wp-content\/uploads\/2021\/11\/Ministry-expenditure-ES.png 1457w\" sizes=\"auto, (max-width: 1024px) 100vw, 1024px\" \/><\/figure>\n\n\n<div class=\"wp-block block-core-paragraph\">\n<p class=\"wp-block-paragraph\">Estamos dados de alta en Fundraising Regulator del Reino Unido, y estamos acreditados por ECFA, Guidestar y Charity Navigator.&nbsp;&nbsp;<\/p>\n<\/div><\/div><\/div>\n<\/div>\n\n<div class=\"wp-block block-pb-accordion-item\">\n<div class=\"wp-block-pb-accordion-item c-accordion__item js-accordion-item no-js\" data-initially-open=\"false\" data-click-to-close=\"true\" data-auto-close=\"true\" data-scroll=\"false\" data-scroll-offset=\"0\"><h2 id=\"at-179616\" class=\"c-accordion__title js-accordion-controller\" role=\"button\"><strong>\u00bfC\u00f3mo puedo recibir noticias acerca del proyecto despu\u00e9s del D\u00eda Mundial de la Generosidad?<\/strong>\u00a0<\/h2><div id=\"ac-179616\" class=\"c-accordion__content\"><div class=\"wp-block block-core-paragraph\">\n<p class=\"wp-block-paragraph\">La manera principal en la que mantenemos informadas a las personas que nos apoyan acerca de los proyectos incluidos en el D\u00eda Mundial de la Generosidad, as\u00ed como de las diferentes formas incre\u00edbles en que Dios est\u00e1 obrando en la vida de los estudiantes de todo el mundo, es mediante las redes sociales (<a href=\"http:\/\/www.facebook.com\/ifesworld\" target=\"_blank\" rel=\"noreferrer noopener\">Facebook<\/a>, <a href=\"http:\/\/www.instagram.com\/ifesworld\" target=\"_blank\" rel=\"noreferrer noopener\">Instagram<\/a>, o <a href=\"http:\/\/www.twitter.com\/ifesworld\" target=\"_blank\" rel=\"noreferrer noopener\">Twitter)<\/a>, en <a href=\"https:\/\/test.ifesworld.org\/es\/prayerline\/\" target=\"_blank\" rel=\"noreferrer noopener\">Prayerline<\/a>, o en nuestra comunidad en l\u00ednea, <a href=\"http:\/\/connect.test.ifesworld.org\/\" target=\"_blank\" rel=\"noreferrer noopener\">IFES Connect<\/a>.&nbsp;<\/p>\n<\/div><\/div><\/div>\n<\/div>\n\n<div class=\"wp-block block-pb-accordion-item\">\n<div class=\"wp-block-pb-accordion-item c-accordion__item js-accordion-item no-js\" data-initially-open=\"false\" data-click-to-close=\"true\" data-auto-close=\"true\" data-scroll=\"false\" data-scroll-offset=\"0\"><h2 id=\"at-179617\" class=\"c-accordion__title js-accordion-controller\" role=\"button\"><strong>\u00bfExiste un importe m\u00ednimo o m\u00e1ximo para hacer un donativo?<\/strong>\u00a0<\/h2><div id=\"ac-179617\" class=\"c-accordion__content\"><div class=\"wp-block block-core-paragraph\">\n<p class=\"wp-block-paragraph\">\u00a1Agradecemos cualquier donativo que te sientas motivado a hacer! Nuestro objetivo para el D\u00eda Mundial de la Generosidad es unirnos como comunidad. Cada donativo, ya sea grande o peque\u00f1o, transmite el mensaje de \u201cNo est\u00e1s solo\u201d a los estudiantes de todo el mundo que buscan vivir fielmente para Jes\u00fas.&nbsp;<\/p>\n<\/div><\/div><\/div>\n<\/div>\n\n<div class=\"wp-block block-pb-accordion-item\">\n<div class=\"wp-block-pb-accordion-item c-accordion__item js-accordion-item no-js\" data-initially-open=\"false\" data-click-to-close=\"true\" data-auto-close=\"true\" data-scroll=\"false\" data-scroll-offset=\"0\"><h2 id=\"at-179618\" class=\"c-accordion__title js-accordion-controller\" role=\"button\"><strong>\u00bfY si no puedo hacer un donativo en este momento?<\/strong>\u00a0<\/h2><div id=\"ac-179618\" class=\"c-accordion__content\"><div class=\"wp-block block-core-paragraph\">\n<p class=\"wp-block-paragraph\">Este d\u00eda trata de solidaridad; y existen muchas maneras diferentes para apoyar a los estudiantes de todo el mundo:&nbsp;&nbsp;<\/p>\n<\/div>\n\n<div class=\"wp-block block-core-list\">\n<ul class=\"wp-block-list\"><li>Ora con nosotros hoy por provisi\u00f3n para estos proyectos y visita la p\u00e1gina <a href=\"https:\/\/test.ifesworld.org\/es\/orar\/\" target=\"_blank\" rel=\"noreferrer noopener\">Ora<\/a>, para descubrir c\u00f3mo puedes orar durante todo el a\u00f1o por los estudiantes de todo el mundo.&nbsp;&nbsp;<\/li><li><strong>Comparte tu proyecto favorito<\/strong> en la red social de tu elecci\u00f3n para dar a conocer la incre\u00edble obra que Dios est\u00e1 llevando a cabo en las universidades de todo el mundo.&nbsp;&nbsp;<\/li><li><strong>Visita IFES Connect <\/strong>para dejar un mensaje de aliento a los estudiantes que viven cerca y lejos.&nbsp;&nbsp;<\/li><\/ul>\n<\/div><\/div><\/div>\n<\/div>\n\n<div class=\"wp-block block-acf-ifesbutton\">\n<div class=\"\">\n    <a id=\"btn-block_620e5bf02ca3f\" target=\"\" href=\"https:\/\/test.ifesworld.org\/es\/dia-mundial-de-la-generosidad-2022\/\" class=\"btn btn--cta-link\">\n        <span>\n                    <span class=\"icon\"><svg class=\"icon\"><use xlink:href=\"#chevron-circle-right-solid\"\/><\/svg><\/span>\n        volver a la p\u00e1gina del d\u00eda mundial de la generosidad        <\/span>\n    <\/a>\n<\/div>\n\n<\/div>","protected":false},"excerpt":{"rendered":"<p>\u00bfTienes m\u00e1s preguntas acerca del D\u00eda Mundial de la Generosidad? Aqu\u00ed encontrar\u00e1s algunas de las preguntas m\u00e1s frecuentes.&nbsp; Si tu pregunta no est\u00e1 en este listado, puedes ponerte en contacto con nosotros por correo electr\u00f3nico en:\u00a0\u00a0hello@test.ifesworld.org.<\/p>\n","protected":false},"author":2,"featured_media":0,"parent":0,"menu_order":0,"comment_status":"closed","ping_status":"closed","template":"","meta":{"_acf_changed":false,"_crdt_document":"","inline_featured_image":false,"footnotes":""},"area":[],"theme":[],"class_list":["post-17961","page","type-page","status-publish","hentry"],"acf":[],"yoast_head":"<!-- This site is optimized with the Yoast SEO plugin v27.3 - https:\/\/yoast.com\/product\/yoast-seo-wordpress\/ -->\n<title>PREGUNTAS FRECUENTES &#183; IFES<\/title>\n<meta name=\"description\" content=\"\u00bfTienes m\u00e1s preguntas acerca del D\u00eda Mundial de la Generosidad? Aqu\u00ed encontrar\u00e1s algunas de las preguntas m\u00e1s frecuentes.&nbsp; Si tu pregunta no est\u00e1 en\" \/>\n<meta name=\"robots\" content=\"noindex, follow, max-snippet:-1, max-image-preview:large, max-video-preview:-1\" \/>\n<meta property=\"og:locale\" content=\"es_ES\" \/>\n<meta property=\"og:type\" content=\"article\" \/>\n<meta property=\"og:title\" content=\"PREGUNTAS FRECUENTES &#183; IFES\" \/>\n<meta property=\"og:description\" content=\"\u00bfTienes m\u00e1s preguntas acerca del D\u00eda Mundial de la Generosidad? Aqu\u00ed encontrar\u00e1s algunas de las preguntas m\u00e1s frecuentes.&nbsp; Si tu pregunta no est\u00e1 en\" \/>\n<meta property=\"og:url\" content=\"https:\/\/test.ifesworld.org\/en\/faq\/\" \/>\n<meta property=\"og:site_name\" content=\"IFES\" \/>\n<meta property=\"article:modified_time\" content=\"2022-02-17T14:30:20+00:00\" \/>\n<meta property=\"og:image\" content=\"https:\/\/test.ifesworld.org\/wp-content\/uploads\/2021\/11\/Ministry-expenditure-ES-1024x455.png\" \/>\n<meta name=\"twitter:card\" content=\"summary_large_image\" \/>\n<meta name=\"twitter:label1\" content=\"Tiempo de lectura\" \/>\n\t<meta name=\"twitter:data1\" content=\"4 minutos\" \/>\n<script type=\"application\/ld+json\" class=\"yoast-schema-graph\">{\"@context\":\"https:\\\/\\\/schema.org\",\"@graph\":[{\"@type\":\"WebPage\",\"@id\":\"https:\\\/\\\/test.ifesworld.org\\\/en\\\/faq\\\/\",\"url\":\"https:\\\/\\\/test.ifesworld.org\\\/en\\\/faq\\\/\",\"name\":\"PREGUNTAS FRECUENTES &#183; IFES\",\"isPartOf\":{\"@id\":\"https:\\\/\\\/test.ifesworld.org\\\/en\\\/#website\"},\"primaryImageOfPage\":{\"@id\":\"https:\\\/\\\/test.ifesworld.org\\\/en\\\/faq\\\/#primaryimage\"},\"image\":{\"@id\":\"https:\\\/\\\/test.ifesworld.org\\\/en\\\/faq\\\/#primaryimage\"},\"thumbnailUrl\":\"https:\\\/\\\/test.ifesworld.org\\\/wp-content\\\/uploads\\\/2021\\\/11\\\/Ministry-expenditure-ES-1024x455.png\",\"datePublished\":\"2022-02-15T09:29:58+00:00\",\"dateModified\":\"2022-02-17T14:30:20+00:00\",\"description\":\"\u00bfTienes m\u00e1s preguntas acerca del D\u00eda Mundial de la Generosidad? Aqu\u00ed encontrar\u00e1s algunas de las preguntas m\u00e1s frecuentes.&nbsp; Si tu pregunta no est\u00e1 en\",\"breadcrumb\":{\"@id\":\"https:\\\/\\\/test.ifesworld.org\\\/en\\\/faq\\\/#breadcrumb\"},\"inLanguage\":\"es\",\"potentialAction\":[{\"@type\":\"ReadAction\",\"target\":[\"https:\\\/\\\/test.ifesworld.org\\\/en\\\/faq\\\/\"]}]},{\"@type\":\"ImageObject\",\"inLanguage\":\"es\",\"@id\":\"https:\\\/\\\/test.ifesworld.org\\\/en\\\/faq\\\/#primaryimage\",\"url\":\"https:\\\/\\\/test.ifesworld.org\\\/wp-content\\\/uploads\\\/2021\\\/11\\\/Ministry-expenditure-ES-1024x455.png\",\"contentUrl\":\"https:\\\/\\\/test.ifesworld.org\\\/wp-content\\\/uploads\\\/2021\\\/11\\\/Ministry-expenditure-ES-1024x455.png\"},{\"@type\":\"BreadcrumbList\",\"@id\":\"https:\\\/\\\/test.ifesworld.org\\\/en\\\/faq\\\/#breadcrumb\",\"itemListElement\":[{\"@type\":\"ListItem\",\"position\":1,\"name\":\"Home\",\"item\":\"https:\\\/\\\/test.ifesworld.org\\\/es\\\/\"},{\"@type\":\"ListItem\",\"position\":2,\"name\":\"PREGUNTAS FRECUENTES\"}]},{\"@type\":\"WebSite\",\"@id\":\"https:\\\/\\\/test.ifesworld.org\\\/en\\\/#website\",\"url\":\"https:\\\/\\\/test.ifesworld.org\\\/en\\\/\",\"name\":\"IFES\",\"description\":\"A movement of students sharing and living out the good news of Jesus Christ. Locally. Nationally. Globally.\",\"publisher\":{\"@id\":\"https:\\\/\\\/test.ifesworld.org\\\/en\\\/#organization\"},\"potentialAction\":[{\"@type\":\"SearchAction\",\"target\":{\"@type\":\"EntryPoint\",\"urlTemplate\":\"https:\\\/\\\/test.ifesworld.org\\\/en\\\/?s={search_term_string}\"},\"query-input\":{\"@type\":\"PropertyValueSpecification\",\"valueRequired\":true,\"valueName\":\"search_term_string\"}}],\"inLanguage\":\"es\"},{\"@type\":\"Organization\",\"@id\":\"https:\\\/\\\/test.ifesworld.org\\\/en\\\/#organization\",\"name\":\"IFES \u00b7 International Fellowship of Evangelical Students\",\"url\":\"https:\\\/\\\/test.ifesworld.org\\\/en\\\/\",\"logo\":{\"@type\":\"ImageObject\",\"inLanguage\":\"es\",\"@id\":\"https:\\\/\\\/test.ifesworld.org\\\/en\\\/#\\\/schema\\\/logo\\\/image\\\/\",\"url\":\"https:\\\/\\\/test.ifesworld.org\\\/wp-content\\\/uploads\\\/2019\\\/06\\\/ifeslogo.png\",\"contentUrl\":\"https:\\\/\\\/test.ifesworld.org\\\/wp-content\\\/uploads\\\/2019\\\/06\\\/ifeslogo.png\",\"width\":262,\"height\":262,\"caption\":\"IFES \u00b7 International Fellowship of Evangelical Students\"},\"image\":{\"@id\":\"https:\\\/\\\/test.ifesworld.org\\\/en\\\/#\\\/schema\\\/logo\\\/image\\\/\"}}]}<\/script>\n<!-- \/ Yoast SEO plugin. -->","yoast_head_json":{"title":"PREGUNTAS FRECUENTES &#183; IFES","description":"\u00bfTienes m\u00e1s preguntas acerca del D\u00eda Mundial de la Generosidad? Aqu\u00ed encontrar\u00e1s algunas de las preguntas m\u00e1s frecuentes.&nbsp; Si tu pregunta no est\u00e1 en","robots":{"index":"noindex","follow":"follow","max-snippet":"max-snippet:-1","max-image-preview":"max-image-preview:large","max-video-preview":"max-video-preview:-1"},"og_locale":"es_ES","og_type":"article","og_title":"PREGUNTAS FRECUENTES &#183; IFES","og_description":"\u00bfTienes m\u00e1s preguntas acerca del D\u00eda Mundial de la Generosidad? Aqu\u00ed encontrar\u00e1s algunas de las preguntas m\u00e1s frecuentes.&nbsp; Si tu pregunta no est\u00e1 en","og_url":"https:\/\/test.ifesworld.org\/en\/faq\/","og_site_name":"IFES","article_modified_time":"2022-02-17T14:30:20+00:00","og_image":[{"url":"https:\/\/test.ifesworld.org\/wp-content\/uploads\/2021\/11\/Ministry-expenditure-ES-1024x455.png","type":"","width":"","height":""}],"twitter_card":"summary_large_image","twitter_misc":{"Tiempo de lectura":"4 minutos"},"schema":{"@context":"https:\/\/schema.org","@graph":[{"@type":"WebPage","@id":"https:\/\/test.ifesworld.org\/en\/faq\/","url":"https:\/\/test.ifesworld.org\/en\/faq\/","name":"PREGUNTAS FRECUENTES &#183; IFES","isPartOf":{"@id":"https:\/\/test.ifesworld.org\/en\/#website"},"primaryImageOfPage":{"@id":"https:\/\/test.ifesworld.org\/en\/faq\/#primaryimage"},"image":{"@id":"https:\/\/test.ifesworld.org\/en\/faq\/#primaryimage"},"thumbnailUrl":"https:\/\/test.ifesworld.org\/wp-content\/uploads\/2021\/11\/Ministry-expenditure-ES-1024x455.png","datePublished":"2022-02-15T09:29:58+00:00","dateModified":"2022-02-17T14:30:20+00:00","description":"\u00bfTienes m\u00e1s preguntas acerca del D\u00eda Mundial de la Generosidad? Aqu\u00ed encontrar\u00e1s algunas de las preguntas m\u00e1s frecuentes.&nbsp; Si tu pregunta no est\u00e1 en","breadcrumb":{"@id":"https:\/\/test.ifesworld.org\/en\/faq\/#breadcrumb"},"inLanguage":"es","potentialAction":[{"@type":"ReadAction","target":["https:\/\/test.ifesworld.org\/en\/faq\/"]}]},{"@type":"ImageObject","inLanguage":"es","@id":"https:\/\/test.ifesworld.org\/en\/faq\/#primaryimage","url":"https:\/\/test.ifesworld.org\/wp-content\/uploads\/2021\/11\/Ministry-expenditure-ES-1024x455.png","contentUrl":"https:\/\/test.ifesworld.org\/wp-content\/uploads\/2021\/11\/Ministry-expenditure-ES-1024x455.png"},{"@type":"BreadcrumbList","@id":"https:\/\/test.ifesworld.org\/en\/faq\/#breadcrumb","itemListElement":[{"@type":"ListItem","position":1,"name":"Home","item":"https:\/\/test.ifesworld.org\/es\/"},{"@type":"ListItem","position":2,"name":"PREGUNTAS FRECUENTES"}]},{"@type":"WebSite","@id":"https:\/\/test.ifesworld.org\/en\/#website","url":"https:\/\/test.ifesworld.org\/en\/","name":"IFES","description":"A movement of students sharing and living out the good news of Jesus Christ. Locally. Nationally. Globally.","publisher":{"@id":"https:\/\/test.ifesworld.org\/en\/#organization"},"potentialAction":[{"@type":"SearchAction","target":{"@type":"EntryPoint","urlTemplate":"https:\/\/test.ifesworld.org\/en\/?s={search_term_string}"},"query-input":{"@type":"PropertyValueSpecification","valueRequired":true,"valueName":"search_term_string"}}],"inLanguage":"es"},{"@type":"Organization","@id":"https:\/\/test.ifesworld.org\/en\/#organization","name":"IFES \u00b7 International Fellowship of Evangelical Students","url":"https:\/\/test.ifesworld.org\/en\/","logo":{"@type":"ImageObject","inLanguage":"es","@id":"https:\/\/test.ifesworld.org\/en\/#\/schema\/logo\/image\/","url":"https:\/\/test.ifesworld.org\/wp-content\/uploads\/2019\/06\/ifeslogo.png","contentUrl":"https:\/\/test.ifesworld.org\/wp-content\/uploads\/2019\/06\/ifeslogo.png","width":262,"height":262,"caption":"IFES \u00b7 International Fellowship of Evangelical Students"},"image":{"@id":"https:\/\/test.ifesworld.org\/en\/#\/schema\/logo\/image\/"}}]}},"_links":{"self":[{"href":"https:\/\/test.ifesworld.org\/es\/wp-json\/wp\/v2\/pages\/17961","targetHints":{"allow":["GET"]}}],"collection":[{"href":"https:\/\/test.ifesworld.org\/es\/wp-json\/wp\/v2\/pages"}],"about":[{"href":"https:\/\/test.ifesworld.org\/es\/wp-json\/wp\/v2\/types\/page"}],"author":[{"embeddable":true,"href":"https:\/\/test.ifesworld.org\/es\/wp-json\/wp\/v2\/users\/2"}],"replies":[{"embeddable":true,"href":"https:\/\/test.ifesworld.org\/es\/wp-json\/wp\/v2\/comments?post=17961"}],"version-history":[{"count":0,"href":"https:\/\/test.ifesworld.org\/es\/wp-json\/wp\/v2\/pages\/17961\/revisions"}],"wp:attachment":[{"href":"https:\/\/test.ifesworld.org\/es\/wp-json\/wp\/v2\/media?parent=17961"}],"wp:term":[{"taxonomy":"area","embeddable":true,"href":"https:\/\/test.ifesworld.org\/es\/wp-json\/wp\/v2\/area?post=17961"},{"taxonomy":"theme","embeddable":true,"href":"https:\/\/test.ifesworld.org\/es\/wp-json\/wp\/v2\/theme?post=17961"}],"curies":[{"name":"wp","href":"https:\/\/api.w.org\/{rel}","templated":true}]}}