{"id":17554,"date":"2021-12-17T12:57:51","date_gmt":"2021-12-17T12:57:51","guid":{"rendered":"https:\/\/test.ifesworld.org\/?page_id=17554"},"modified":"2021-12-17T15:18:04","modified_gmt":"2021-12-17T15:18:04","slug":"para-que-vivan-siempre-alegres","status":"publish","type":"page","link":"https:\/\/test.ifesworld.org\/es\/para-que-vivan-siempre-alegres\/","title":{"rendered":"Para que vivan siempre alegres"},"content":{"rendered":"<div class=\"wp-block block-core-group alignfull\">\n<div class=\"wp-block-group alignfull\"><div class=\"wp-block-group__inner-container is-layout-flow wp-block-group-is-layout-flow\"><div class=\"wp-block block-core-heading\">\n<h2 class=\"wp-block-heading\">\u00bfSabes qu\u00e9 anhelan los estudiantes mientras nos acercamos al 2022?&nbsp;<\/h2>\n<\/div>\n\n<div class=\"wp-block block-core-paragraph\">\n<p class=\"wp-block-paragraph\">Te mostramos algunas de las peticiones de oraci\u00f3n que los estudiantes compartieron en el&nbsp;<a href=\"https:\/\/test.ifesworld.org\/es\/dme\/?switch_language=es\" target=\"_blank\" rel=\"noreferrer noopener\">D\u00eda Mundial del Estudiante<\/a>&nbsp;de este a\u00f1o.&nbsp;&nbsp;<\/p>\n<\/div>\n\n<div class=\"wp-block block-core-paragraph\">\n<p class=\"wp-block-paragraph\">Ani, una estudiante de Armenia, nos comparti\u00f3 lo siguiente: \u00abDespu\u00e9s de haberle dicho a mis amigos que soy cristiana, y que leo la Biblia y oro, empezaron a tratarme de forma diferente, y eso no me gusta\u00bb.&nbsp;<\/p>\n<\/div>\n\n<div class=\"wp-block block-core-paragraph\">\n<p class=\"wp-block-paragraph\">Zhyrlene&nbsp;es una l\u00edder estudiantil de&nbsp;<a href=\"https:\/\/ivcfphil.org\/\" target=\"_blank\" rel=\"noreferrer noopener\">IVCF Filipinas<\/a>. Desea que Dios la gu\u00ede a ella y tambi\u00e9n a los otros l\u00edderes estudiantiles, ya que siguen buscando un buen equilibrio entre su tiempo de estudios y de compartir y aplicar la Palabra de Dios. \u00abLas clases en l\u00ednea son agotadoras\u00bb.&nbsp;<\/p>\n<\/div>\n\n<div class=\"wp-block block-core-paragraph\">\n<p class=\"wp-block-paragraph\">Angy, una estudiante de Egipto, nos cont\u00f3 lo siguiente: \u00abVivo en un pa\u00eds \u00e1rabe y la mayor\u00eda de los estudiantes son musulmanes. Deseo que el Se\u00f1or les abra los ojos y los corazones para que vean su amor y lo puedan conocer personalmente, y tambi\u00e9n le pido a Dios que me utilice en medio de ellos\u00bb.&nbsp;<\/p>\n<\/div>\n\n<div class=\"wp-block block-core-paragraph\">\n<p class=\"wp-block-paragraph\">Tres estudiantes, tres continentes y tres situaciones diferentes. Cada uno de ellos necesita que el Esp\u00edritu Santo los gu\u00ede a trav\u00e9s de esas dificultades. Tambi\u00e9n necesitan el apoyo y el aliento que IFES puede proporcionarles, mostr\u00e1ndoles que no est\u00e1n solos y anim\u00e1ndoles a seguir buscando el gozo en Jes\u00fas, cueste lo que cueste.&nbsp;&nbsp;<\/p>\n<\/div>\n\n<div class=\"wp-block block-core-paragraph\">\n<p class=\"wp-block-paragraph\">Y Dios est\u00e1 obrando en la vida de los estudiantes.&nbsp;Durante la \u00faltima celebraci\u00f3n del D\u00eda Mundial del Estudiante,&nbsp;Gedeon&nbsp;y su grupo de estudiantes,&nbsp;<a href=\"https:\/\/www.facebook.com\/gbugoma\/\" target=\"_blank\" rel=\"noreferrer noopener\">GBU Goma<\/a>, de la Rep\u00fablica Democr\u00e1tica del Congo, salieron a compartir las buenas nuevas de Jes\u00fas con los j\u00f3venes que hac\u00edan deporte al aire libre. Despu\u00e9s de haber orado por ellos, comenzaron a acompa\u00f1arlos a trav\u00e9s del \u00abevangelismo deportivo\u00bb.&nbsp;Gedeon&nbsp;nos comparte que se&nbsp;di\u00f3&nbsp;cuenta de que \u00abmuchos de los j\u00f3venes nunca han o\u00eddo hablar de Jesucristo y que la necesidad de la Palabra de Dios es grande y urgente\u00bb.&nbsp;<strong>The&nbsp;joy&nbsp;that&nbsp;filled&nbsp;our&nbsp;hearts&nbsp;after&nbsp;this&nbsp;activity&nbsp;is&nbsp;not&nbsp;to&nbsp;be&nbsp;imagined, and&nbsp;we&nbsp;said&nbsp;to&nbsp;ourselves&nbsp;that&nbsp;this&nbsp;is&nbsp;the&nbsp;purpose&nbsp;of&nbsp;the&nbsp;gospel\u2019.<\/strong>&nbsp;<\/p>\n<\/div><\/div>\n<\/div><\/div>\n\n<div class=\"wp-block block-core-cover alignfull\">\n<div class=\"wp-block-cover alignfull has-background-dim-20 has-background-dim has-parallax\" style=\"background-image:url(https:\/\/test.ifesworld.org\/wp-content\/uploads\/2021\/12\/Zhyrlene.jpg)\"><div class=\"wp-block-cover__inner-container is-layout-flow wp-block-cover-is-layout-flow\"><div class=\"wp-block block-core-paragraph aligncenter\">\n<p class=\"has-text-align-center has-large-font-size wp-block-paragraph\"><\/p>\n<\/div><\/div><\/div>\n<\/div>\n\n<div class=\"wp-block block-core-group alignfull\">\n<div class=\"wp-block-group alignfull has-white-dark-background-color has-background\"><div class=\"wp-block-group__inner-container is-layout-flow wp-block-group-is-layout-flow\"><div class=\"wp-block block-core-heading\">\n<h2 class=\"wp-block-heading\">\u00bfEstar\u00edas dispuesto a contribuir para que las buenas nuevas de Jes\u00fas alcancen a los estudiantes en 2022 y para que puedan descubrir una alegr\u00eda eterna?&nbsp;<\/h2>\n<\/div>\n\n<div class=\"wp-block block-core-paragraph\">\n<p class=\"has-accent-light-color has-text-color has-md-font-size wp-block-paragraph\">Isa\u00edas 35:10 contiene una promesa: <em>\u00ablos que el Se\u00f1or ha redimido;&nbsp;entrar\u00e1n en&nbsp;Si\u00f3n&nbsp;con cantos de alegr\u00eda, y siempre vivir\u00e1n alegres. Hallar\u00e1n felicidad y dicha, y desaparecer\u00e1n el llanto y el dolor\u00bb.<\/em>&nbsp;<\/p>\n<\/div>\n\n<div class=\"wp-block block-core-paragraph\">\n<p class=\"wp-block-paragraph\">Este \u00faltimo a\u00f1o ha tra\u00eddo consigo muchos retos para los estudiantes; y en el 2022 la situaci\u00f3n podr\u00eda ser muy parecida. En este nuevo a\u00f1o que pronto va a comenzar, IFES se compromete a&nbsp;apoyar, animar y guiar a los estudiantes hacia Jes\u00fas. Esto significa&nbsp;<a href=\"https:\/\/test.ifesworld.org\/es\/fortalecimiento-de-los-movimientos-nacionales\/#desarrollodelagobernanza\" target=\"_blank\" rel=\"noreferrer noopener\">multiplicar nuevos grupos y movimientos en lugares nuevos<\/a>, capacitar a los estudiantes en el discipulado y la evangelizaci\u00f3n, y organizar eventos y congresos que confirmar\u00e1n el llamado de Dios en sus vidas.&nbsp;<\/p>\n<\/div>\n\n<div class=\"wp-block block-core-paragraph\">\n<p class=\"wp-block-paragraph\">Con tu ayuda, IFES puede llevar las buenas nuevas a los estudiantes de todas las universidades del mundo para que conozcan la alegr\u00eda eterna que ofrece Jes\u00fas. Esa es la verdadera alegr\u00eda, incluso en medio de las pruebas y las luchas.&nbsp;Tu donaci\u00f3n permitir\u00e1 proclamar el evangelio a los estudiantes y capacitarlos para que sean disc\u00edpulos llenos del Esp\u00edritu que vivan para Cristo.&nbsp;<\/p>\n<\/div>\n\n<div class=\"wp-block block-acf-giveform\">    <section id=\"giveform-block-block_61b0966840b53\" class=\"give-form bg--alt margin-bottom--xl\">\n        <h2 class=\"h1\">I want to give to<\/h2>\n        <a id=\"give-login-link\" href=\"https:\/\/give.test.ifesworld.org\/login\" target=\"_blank\" class=\"btn btn--cta-link\"><span><span class=\"icon\"><svg class=\"icon\"><use xlink:href=\"#chevron-circle-right-solid\"><\/use><\/svg><\/span>Accede a tu cuenta para donaciones<\/span><\/a>\n        <form class=\"give__form container--full-width flex flex--column\"\n              action=\"https:\/\/give.test.ifesworld.org\/customgiving?utm_source=test.ifesworld.org&#038;utm_medium=referral&#038;\" method=\"GET\"\n              target=\"_blank\">\n            <div class=\"give_designation margin-top\">\n                <label for=\"code\" class=\"screen-reader-text\">Apoya a IFES en una regi\u00f3n especifica<\/label>\n                <select id=\"code\" name=\"code\" required>\n                                        <option value=\"GF000_PMAIN\">Ministerio de IFES en el mundo<\/option>\n                                                                  <option value=\"ifes-region\">Apoya a IFES en una regi\u00f3n especifica<\/option>\n                                        <\/select>\n            <\/div>\n                            <div id=\"give_region\" class=\"give_region margin-top hide\">\n                    <label for=\"give_area\" class=\"screen-reader-text\">Selecciona una regi\u00f3n<\/label>\n                    <select id='give_area' name='give_area'>\n                        <option data-placeholder=\"true\" value=\"\" hidden>Selecciona una regi\u00f3n<\/option>\n                                                <option value=\"FA000_REGN\">\u00c1frica franc\u00f3fona<\/option>\n                                                  <option value=\"NA000_REGN\">Am\u00e9rica del Norte<\/option>\n                                                  <option value=\"LA000_REGN\">Am\u00e9rica Latina<\/option>\n                                                  <option value=\"EA000_REGN\">Asia del Este<\/option>\n                                                  <option value=\"SA000_REGN\">Asia del Sur<\/option>\n                                                  <option value=\"CR000_REGN\">Caribe<\/option>\n                                                  <option value=\"EP000_REGN\">\u00c1frica angl\u00f3fona y lus\u00f3fona<\/option>\n                                                  <option value=\"EX000_REGN\">Eurasia<\/option>\n                                                  <option value=\"ER000_REGN\">Europa<\/option>\n                                                  <option value=\"ME000_REGN\">Medio Oriente y \u00c1frica del Norte<\/option>\n                                                  <option value=\"SP000_REGN\">Pac\u00edfico Sur<\/option>\n                                            <\/select>\n                <\/div>\n                                    <div class=\"amount-selection grid-4 margin-top\">\n                <div class=\"grid__item form__input--radio\">\n                                        <input type=\"radio\" id=\"give-10\" name=\"give-radio-amount\" value=\"10\" class=\"sr-only\"  >\n                    <label class=\"h1\" for=\"give-10\"><span class=\"js-currency__symbol\">$<\/span>10<\/label>\n                <\/div>\n\n                <div class=\"grid__item form__input--radio\">\n                    <input type=\"radio\" id=\"give-25\" name=\"give-radio-amount\" value=\"25\" class=\"sr-only\" checked >\n                    <label class=\"h1\" for=\"give-25\"><span class=\"js-currency__symbol\">$<\/span>25<\/label>\n                <\/div>\n\n                <div class=\"grid__item form__input--radio\">\n                    <input type=\"radio\" id=\"give-50\" name=\"give-radio-amount\" value=\"50\" class=\"sr-only\"  >\n                    <label class=\"h1\" for=\"give-50\"><span class=\"js-currency__symbol\">$<\/span>50<\/label>\n                <\/div>\n\n                <div class=\"grid__item form__input--radio\">\n                    <input type=\"radio\" id=\"give-100\" name=\"give-radio-amount\" value=\"100\" class=\"sr-only\"  >\n                    <label class=\"h1\" for=\"give-100\"><span class=\"js-currency__symbol\">$<\/span>100<\/label>\n                <\/div>\n            <\/div>\n\n            <div class=\"amount-currency margin-top grid-4\">\n                <div class=\"form__input--amount\">\n                    <label for=\"a\" class=\"screen-reader-text\">Specify donation amount<\/label>\n                    <span class=\"currency flex flex--center-y\"><span class=\"js-currency__symbol\">$<\/span><\/span>\n                    <input type=\"number\" id=\"a\" name=\"a\" class=\"amount\" required value=\"25\">\n                <\/div>\n                <div class=\"form__input--currency select\">\n                    <label for=\"c\" class=\"screen-reader-text\">Seleccione su moneda<\/label>\n                    <select id=\"c\" name=\"c\">\n                                                <option value=\"USD\" data-symbol=\"$\"  selected=\"selected\">USD <\/option>\n                                                <option value=\"GBP\" data-symbol=\"&pound;\" >GBP <\/option>\n                                                <option value=\"EUR\" data-symbol=\"&euro;\" >EUR <\/option>\n                                          <\/select>\n                <\/div>\n            <\/div>\n            <div class=\"donation-frequency grid-2 margin-top\">\n                            <div class=\"grid__item form__input--radio\">\n                    <input type=\"radio\" id=\"donate-once\"  name=\"r\" value=\"0\" class=\"sr-only\" >\n                    <label class=\"h1\" for=\"donate-once\">Dona una vez<\/label>\n                <\/div>\n                <div class=\"grid__item form__input--radio\">\n                    <input type=\"radio\" id=\"donate-monthly\" checked name=\"r\" value=\"1\" class=\"sr-only\" >\n                    <label class=\"h1\" for=\"donate-monthly\">Dona mensualmente<\/label>\n                <\/div>\n            <\/div>\n\n\n            <div class=\"give-form__footer margin-top--lg\">\n                <div class=\"give-form__continue flex flex--column flex--space-between\">\n                    <div class=\"btn btn--primary btn--full-width form__submit\">\n                        <input type=\"submit\" id=\"submit\" value=\"continuar\"\/>\n                        <span>continuar<\/span>\n                    <\/div>\n                                            <div>\n                            <a href=\"https:\/\/give.test.ifesworld.org\/\" class=\"btn btn--cta-link\">\n            <span>\n                        <span class=\"icon\"><svg class=\"icon\"><use xlink:href=\"#chevron-circle-right-solid\"><\/use><\/svg><\/span>Busca un Ministerio de IFES o un Movimiento Nacional espec\u00edfico<\/span>\n                            <\/a>\n                        <\/div>\n                                   <\/div>\n                          <\/div>\n                          <input type=\"hidden\" name=\"t\" value=\"1\"\/>\n            <input type=\"hidden\" name=\"s\" value=\"IFESWEBSITE\"\/>\n            <input type=\"hidden\" name=\"utm_source\" value=\"test.ifesworld.org\"\/>\n            <input type=\"hidden\" name=\"utm_medium\" value=\"referral\"\/>\n            <input type=\"hidden\" id=\"d\" name=\"d\" value=\"GF000_PMAIN\" required\/>\n\n        <\/form>\n    <\/section>\n\n<\/div><\/div>\n<\/div><\/div>","protected":false},"excerpt":{"rendered":"<p>\u00bfSabes qu\u00e9 anhelan los estudiantes mientras nos acercamos al 2022?&nbsp; Te mostramos algunas de las peticiones de oraci\u00f3n que los estudiantes compartieron en el&nbsp;D\u00eda Mundial del Estudiante&nbsp;de este a\u00f1o.&nbsp;&nbsp; Ani, una estudiante de Armenia, nos comparti\u00f3 lo siguiente: \u00abDespu\u00e9s de haberle dicho a mis amigos que soy cristiana, y que leo la Biblia y oro,&#8230;<\/p>\n","protected":false},"author":2,"featured_media":17536,"parent":0,"menu_order":0,"comment_status":"closed","ping_status":"closed","template":"","meta":{"_acf_changed":false,"_crdt_document":"","inline_featured_image":false,"footnotes":""},"area":[],"theme":[],"class_list":["post-17554","page","type-page","status-publish","has-post-thumbnail","hentry"],"acf":[],"yoast_head":"<!-- This site is optimized with the Yoast SEO plugin v27.3 - https:\/\/yoast.com\/product\/yoast-seo-wordpress\/ -->\n<title>Para que vivan siempre alegres &#183; IFES<\/title>\n<meta name=\"description\" content=\"\u00bfSabes qu\u00e9 anhelan los estudiantes mientras nos acercamos al 2022?&nbsp; Te mostramos algunas de las peticiones de oraci\u00f3n que los estudiantes\" \/>\n<meta name=\"robots\" content=\"noindex, follow, max-snippet:-1, max-image-preview:large, max-video-preview:-1\" \/>\n<meta property=\"og:locale\" content=\"es_ES\" \/>\n<meta property=\"og:type\" content=\"article\" \/>\n<meta property=\"og:title\" content=\"Para que vivan siempre alegres &#183; IFES\" \/>\n<meta property=\"og:description\" content=\"\u00bfSabes qu\u00e9 anhelan los estudiantes mientras nos acercamos al 2022?&nbsp; Te mostramos algunas de las peticiones de oraci\u00f3n que los estudiantes\" \/>\n<meta property=\"og:url\" content=\"https:\/\/test.ifesworld.org\/en\/for-everlasting-joy\/\" \/>\n<meta property=\"og:site_name\" content=\"IFES\" \/>\n<meta property=\"article:modified_time\" content=\"2021-12-17T15:18:04+00:00\" \/>\n<meta property=\"og:image\" content=\"https:\/\/test.ifesworld.org\/wp-content\/uploads\/2021\/12\/Gedeon-sports-evangelism-GBU-Goma.jpg\" \/>\n\t<meta property=\"og:image:width\" content=\"1280\" \/>\n\t<meta property=\"og:image:height\" content=\"950\" \/>\n\t<meta property=\"og:image:type\" content=\"image\/jpeg\" \/>\n<meta name=\"twitter:card\" content=\"summary_large_image\" \/>\n<meta name=\"twitter:label1\" content=\"Tiempo de lectura\" \/>\n\t<meta name=\"twitter:data1\" content=\"3 minutos\" \/>\n<script type=\"application\/ld+json\" class=\"yoast-schema-graph\">{\"@context\":\"https:\\\/\\\/schema.org\",\"@graph\":[{\"@type\":\"WebPage\",\"@id\":\"https:\\\/\\\/test.ifesworld.org\\\/en\\\/for-everlasting-joy\\\/\",\"url\":\"https:\\\/\\\/test.ifesworld.org\\\/en\\\/for-everlasting-joy\\\/\",\"name\":\"Para que vivan siempre alegres &#183; IFES\",\"isPartOf\":{\"@id\":\"https:\\\/\\\/test.ifesworld.org\\\/en\\\/#website\"},\"primaryImageOfPage\":{\"@id\":\"https:\\\/\\\/test.ifesworld.org\\\/en\\\/for-everlasting-joy\\\/#primaryimage\"},\"image\":{\"@id\":\"https:\\\/\\\/test.ifesworld.org\\\/en\\\/for-everlasting-joy\\\/#primaryimage\"},\"thumbnailUrl\":\"https:\\\/\\\/test.ifesworld.org\\\/wp-content\\\/uploads\\\/2021\\\/12\\\/Gedeon-sports-evangelism-GBU-Goma.jpg\",\"datePublished\":\"2021-12-17T12:57:51+00:00\",\"dateModified\":\"2021-12-17T15:18:04+00:00\",\"description\":\"\u00bfSabes qu\u00e9 anhelan los estudiantes mientras nos acercamos al 2022?&nbsp; Te mostramos algunas de las peticiones de oraci\u00f3n que los estudiantes\",\"breadcrumb\":{\"@id\":\"https:\\\/\\\/test.ifesworld.org\\\/en\\\/for-everlasting-joy\\\/#breadcrumb\"},\"inLanguage\":\"es\",\"potentialAction\":[{\"@type\":\"ReadAction\",\"target\":[\"https:\\\/\\\/test.ifesworld.org\\\/en\\\/for-everlasting-joy\\\/\"]}]},{\"@type\":\"ImageObject\",\"inLanguage\":\"es\",\"@id\":\"https:\\\/\\\/test.ifesworld.org\\\/en\\\/for-everlasting-joy\\\/#primaryimage\",\"url\":\"https:\\\/\\\/test.ifesworld.org\\\/wp-content\\\/uploads\\\/2021\\\/12\\\/Gedeon-sports-evangelism-GBU-Goma.jpg\",\"contentUrl\":\"https:\\\/\\\/test.ifesworld.org\\\/wp-content\\\/uploads\\\/2021\\\/12\\\/Gedeon-sports-evangelism-GBU-Goma.jpg\",\"width\":1280,\"height\":950},{\"@type\":\"BreadcrumbList\",\"@id\":\"https:\\\/\\\/test.ifesworld.org\\\/en\\\/for-everlasting-joy\\\/#breadcrumb\",\"itemListElement\":[{\"@type\":\"ListItem\",\"position\":1,\"name\":\"Home\",\"item\":\"https:\\\/\\\/test.ifesworld.org\\\/es\\\/\"},{\"@type\":\"ListItem\",\"position\":2,\"name\":\"Para que vivan siempre alegres\"}]},{\"@type\":\"WebSite\",\"@id\":\"https:\\\/\\\/test.ifesworld.org\\\/en\\\/#website\",\"url\":\"https:\\\/\\\/test.ifesworld.org\\\/en\\\/\",\"name\":\"IFES\",\"description\":\"A movement of students sharing and living out the good news of Jesus Christ. Locally. Nationally. Globally.\",\"publisher\":{\"@id\":\"https:\\\/\\\/test.ifesworld.org\\\/en\\\/#organization\"},\"potentialAction\":[{\"@type\":\"SearchAction\",\"target\":{\"@type\":\"EntryPoint\",\"urlTemplate\":\"https:\\\/\\\/test.ifesworld.org\\\/en\\\/?s={search_term_string}\"},\"query-input\":{\"@type\":\"PropertyValueSpecification\",\"valueRequired\":true,\"valueName\":\"search_term_string\"}}],\"inLanguage\":\"es\"},{\"@type\":\"Organization\",\"@id\":\"https:\\\/\\\/test.ifesworld.org\\\/en\\\/#organization\",\"name\":\"IFES \u00b7 International Fellowship of Evangelical Students\",\"url\":\"https:\\\/\\\/test.ifesworld.org\\\/en\\\/\",\"logo\":{\"@type\":\"ImageObject\",\"inLanguage\":\"es\",\"@id\":\"https:\\\/\\\/test.ifesworld.org\\\/en\\\/#\\\/schema\\\/logo\\\/image\\\/\",\"url\":\"https:\\\/\\\/test.ifesworld.org\\\/wp-content\\\/uploads\\\/2019\\\/06\\\/ifeslogo.png\",\"contentUrl\":\"https:\\\/\\\/test.ifesworld.org\\\/wp-content\\\/uploads\\\/2019\\\/06\\\/ifeslogo.png\",\"width\":262,\"height\":262,\"caption\":\"IFES \u00b7 International Fellowship of Evangelical Students\"},\"image\":{\"@id\":\"https:\\\/\\\/test.ifesworld.org\\\/en\\\/#\\\/schema\\\/logo\\\/image\\\/\"}}]}<\/script>\n<!-- \/ Yoast SEO plugin. -->","yoast_head_json":{"title":"Para que vivan siempre alegres &#183; IFES","description":"\u00bfSabes qu\u00e9 anhelan los estudiantes mientras nos acercamos al 2022?&nbsp; Te mostramos algunas de las peticiones de oraci\u00f3n que los estudiantes","robots":{"index":"noindex","follow":"follow","max-snippet":"max-snippet:-1","max-image-preview":"max-image-preview:large","max-video-preview":"max-video-preview:-1"},"og_locale":"es_ES","og_type":"article","og_title":"Para que vivan siempre alegres &#183; IFES","og_description":"\u00bfSabes qu\u00e9 anhelan los estudiantes mientras nos acercamos al 2022?&nbsp; Te mostramos algunas de las peticiones de oraci\u00f3n que los estudiantes","og_url":"https:\/\/test.ifesworld.org\/en\/for-everlasting-joy\/","og_site_name":"IFES","article_modified_time":"2021-12-17T15:18:04+00:00","og_image":[{"width":1280,"height":950,"url":"https:\/\/test.ifesworld.org\/wp-content\/uploads\/2021\/12\/Gedeon-sports-evangelism-GBU-Goma.jpg","type":"image\/jpeg"}],"twitter_card":"summary_large_image","twitter_misc":{"Tiempo de lectura":"3 minutos"},"schema":{"@context":"https:\/\/schema.org","@graph":[{"@type":"WebPage","@id":"https:\/\/test.ifesworld.org\/en\/for-everlasting-joy\/","url":"https:\/\/test.ifesworld.org\/en\/for-everlasting-joy\/","name":"Para que vivan siempre alegres &#183; IFES","isPartOf":{"@id":"https:\/\/test.ifesworld.org\/en\/#website"},"primaryImageOfPage":{"@id":"https:\/\/test.ifesworld.org\/en\/for-everlasting-joy\/#primaryimage"},"image":{"@id":"https:\/\/test.ifesworld.org\/en\/for-everlasting-joy\/#primaryimage"},"thumbnailUrl":"https:\/\/test.ifesworld.org\/wp-content\/uploads\/2021\/12\/Gedeon-sports-evangelism-GBU-Goma.jpg","datePublished":"2021-12-17T12:57:51+00:00","dateModified":"2021-12-17T15:18:04+00:00","description":"\u00bfSabes qu\u00e9 anhelan los estudiantes mientras nos acercamos al 2022?&nbsp; Te mostramos algunas de las peticiones de oraci\u00f3n que los estudiantes","breadcrumb":{"@id":"https:\/\/test.ifesworld.org\/en\/for-everlasting-joy\/#breadcrumb"},"inLanguage":"es","potentialAction":[{"@type":"ReadAction","target":["https:\/\/test.ifesworld.org\/en\/for-everlasting-joy\/"]}]},{"@type":"ImageObject","inLanguage":"es","@id":"https:\/\/test.ifesworld.org\/en\/for-everlasting-joy\/#primaryimage","url":"https:\/\/test.ifesworld.org\/wp-content\/uploads\/2021\/12\/Gedeon-sports-evangelism-GBU-Goma.jpg","contentUrl":"https:\/\/test.ifesworld.org\/wp-content\/uploads\/2021\/12\/Gedeon-sports-evangelism-GBU-Goma.jpg","width":1280,"height":950},{"@type":"BreadcrumbList","@id":"https:\/\/test.ifesworld.org\/en\/for-everlasting-joy\/#breadcrumb","itemListElement":[{"@type":"ListItem","position":1,"name":"Home","item":"https:\/\/test.ifesworld.org\/es\/"},{"@type":"ListItem","position":2,"name":"Para que vivan siempre alegres"}]},{"@type":"WebSite","@id":"https:\/\/test.ifesworld.org\/en\/#website","url":"https:\/\/test.ifesworld.org\/en\/","name":"IFES","description":"A movement of students sharing and living out the good news of Jesus Christ. Locally. Nationally. Globally.","publisher":{"@id":"https:\/\/test.ifesworld.org\/en\/#organization"},"potentialAction":[{"@type":"SearchAction","target":{"@type":"EntryPoint","urlTemplate":"https:\/\/test.ifesworld.org\/en\/?s={search_term_string}"},"query-input":{"@type":"PropertyValueSpecification","valueRequired":true,"valueName":"search_term_string"}}],"inLanguage":"es"},{"@type":"Organization","@id":"https:\/\/test.ifesworld.org\/en\/#organization","name":"IFES \u00b7 International Fellowship of Evangelical Students","url":"https:\/\/test.ifesworld.org\/en\/","logo":{"@type":"ImageObject","inLanguage":"es","@id":"https:\/\/test.ifesworld.org\/en\/#\/schema\/logo\/image\/","url":"https:\/\/test.ifesworld.org\/wp-content\/uploads\/2019\/06\/ifeslogo.png","contentUrl":"https:\/\/test.ifesworld.org\/wp-content\/uploads\/2019\/06\/ifeslogo.png","width":262,"height":262,"caption":"IFES \u00b7 International Fellowship of Evangelical Students"},"image":{"@id":"https:\/\/test.ifesworld.org\/en\/#\/schema\/logo\/image\/"}}]}},"_links":{"self":[{"href":"https:\/\/test.ifesworld.org\/es\/wp-json\/wp\/v2\/pages\/17554","targetHints":{"allow":["GET"]}}],"collection":[{"href":"https:\/\/test.ifesworld.org\/es\/wp-json\/wp\/v2\/pages"}],"about":[{"href":"https:\/\/test.ifesworld.org\/es\/wp-json\/wp\/v2\/types\/page"}],"author":[{"embeddable":true,"href":"https:\/\/test.ifesworld.org\/es\/wp-json\/wp\/v2\/users\/2"}],"replies":[{"embeddable":true,"href":"https:\/\/test.ifesworld.org\/es\/wp-json\/wp\/v2\/comments?post=17554"}],"version-history":[{"count":0,"href":"https:\/\/test.ifesworld.org\/es\/wp-json\/wp\/v2\/pages\/17554\/revisions"}],"wp:featuredmedia":[{"embeddable":true,"href":"https:\/\/test.ifesworld.org\/es\/wp-json\/wp\/v2\/media\/17536"}],"wp:attachment":[{"href":"https:\/\/test.ifesworld.org\/es\/wp-json\/wp\/v2\/media?parent=17554"}],"wp:term":[{"taxonomy":"area","embeddable":true,"href":"https:\/\/test.ifesworld.org\/es\/wp-json\/wp\/v2\/area?post=17554"},{"taxonomy":"theme","embeddable":true,"href":"https:\/\/test.ifesworld.org\/es\/wp-json\/wp\/v2\/theme?post=17554"}],"curies":[{"name":"wp","href":"https:\/\/api.w.org\/{rel}","templated":true}]}}